{"id":4,"date":"2015-02-28T12:35:31","date_gmt":"2015-02-28T11:35:31","guid":{"rendered":"http:\/\/www.adapt-ck.fr\/-2\/?page_id=4"},"modified":"2015-05-04T09:25:47","modified_gmt":"2015-05-04T08:25:47","slug":"accueil","status":"publish","type":"page","link":"https:\/\/www.adapt-ck.fr\/de\/","title":{"rendered":"Home"},"content":{"rendered":"<p>[vc_row inertia=&#8220;0.1&#8243; css=&#8220;.vc_custom_1425387474129{background-color: #e7e7e7 !important;}&#8220;][vc_column width=&#8220;1\/1&#8243;][vc_column_text]<\/p>\n<div style=\"text-align: center\">\n<h1 style=\"margin-top: 0\"><em>Adapt-CK, <\/em>des services pour les professionnels, les collectivit\u00e9s et les particuliers<\/h1>\n<p style=\"font-size: 16px\">ADAPT-CK apporte des solutions adapt\u00e9es et pratiques de <strong>s\u00e9curisation de l\u2019environnement quotidien ext\u00e9rieur et int\u00e9rieur<\/strong>. R\u00e9aliser des travaux de transformation et d\u2019<strong>adaptation aux conditions de vie de la personne<\/strong> est notre objectif : <strong>pour un monde accessible \u00e0 tous !<\/strong><\/p>\n<p>&nbsp;<\/p>\n<\/div>\n<p>[\/vc_column_text][\/vc_column][\/vc_row][vc_row][vc_column width=&#8220;1\/1&#8243;][vc_column_text css=&#8220;.vc_custom_1425382138964{padding-top: 10px !important;padding-bottom: 10px !important;background-color: #2cbf60 !important;}&#8220;]<\/p>\n<div style=\"text-align: center\">\n<h2 style=\"color: #ffffff\">NOS PRESTATIONS<\/h2>\n<\/div>\n<p>[\/vc_column_text][vc_separator color=&#8220;grey&#8220; accent_color=&#8220;#ffffff&#8220;][\/vc_column][\/vc_row][vc_row inertia=&#8220;0.1&#8243;][vc_column width=&#8220;1\/3&#8243; css=&#8220;.vc_custom_1425387449273{padding: 0px !important;}&#8220;]<div class=\"iconBox icon\"><i class=\"fa fa-ok\"><\/i><div class=\"textContent\"><h2 class=\"iconBoxTitle\">Mise aux normes des E.R.P.<\/h2><div class=\"theText\">Adaptation des Etablissements Recevant du Public aux normes en vigueur<\/div><\/div><\/div>[\/vc_column][vc_column width=&#8220;1\/3&#8243;]<div class=\"iconBox icon\"><i class=\"fa fa-ok\"><\/i><div class=\"textContent\"><h2 class=\"iconBoxTitle\">Escaliers, mains courantes et garde-corps<\/h2><div class=\"theText\">R\u00e9alisation sur mesure \u00e0 l&#8217;int\u00e9rieur ou \u00e0 l&#8217;ext\u00e9rieur en bois ou en m\u00e9tal. Escaliers droits, tournant, ou h\u00e9lico\u00efdal \u00e0 corps en fonte<\/div><\/div><\/div>[\/vc_column][vc_column width=&#8220;1\/3&#8243;]<div class=\"iconBox icon\"><i class=\"fa fa-ok\"><\/i><div class=\"textContent\"><h2 class=\"iconBoxTitle\">Rev\u00eatements de sol et d'escalier<\/h2><div class=\"theText\">Antid\u00e9rapant pour tous les sols potentiellement glissants int\u00e9rieurs ou ext\u00e9rieurs, amortissant (protection en cas de chute)<\/div><\/div><\/div>[\/vc_column][\/vc_row][vc_row][vc_column width=&#8220;1\/1&#8243;][vc_separator color=&#8220;grey&#8220;][\/vc_column][\/vc_row][vc_row inertia=&#8220;0.1&#8243;][vc_column width=&#8220;1\/3&#8243;]<div class=\"iconBox icon\"><i class=\"fa fa-ok\"><\/i><div class=\"textContent\"><h2 class=\"iconBoxTitle\">Menuiserie bois ou m\u00e9tal<\/h2><div class=\"theText\">Am\u00e9nagements sur mesure pour l&#8217;int\u00e9rieur ou l&#8217;ext\u00e9rieur<\/div><\/div><\/div>[\/vc_column][vc_column width=&#8220;1\/3&#8243;]<div class=\"iconBox icon\"><i class=\"fa fa-ok\"><\/i><div class=\"textContent\"><h2 class=\"iconBoxTitle\">Travaux d'adaptation des portes<\/h2><div class=\"theText\">Elargissement de portes, porte fen\u00eatre avec seuil handicap\u00e9 int\u00e9gr\u00e9, portes d\u2019int\u00e9rieur action pliante et anti-pince-doigts<\/div><\/div><\/div>[\/vc_column][vc_column width=&#8220;1\/3&#8243;]<div class=\"iconBox icon\"><i class=\"fa fa-ok\"><\/i><div class=\"textContent\"><h2 class=\"iconBoxTitle\">Syst\u00e8mes d'\u00e9levation<\/h2><div class=\"theText\">Rampe mobile ou permanente, \u00e9l\u00e9vateur vertical, plate-forme monte-escalier<\/div><\/div><\/div>[\/vc_column][\/vc_row][vc_row inertia=&#8220;0.1&#8243;][vc_column width=&#8220;1\/1&#8243;][vc_column_text css=&#8220;.vc_custom_1425402534379{padding-top: 10px !important;padding-bottom: 10px !important;background-color: #2cbf60 !important;}&#8220;]<\/p>\n<div style=\"text-align: center\">\n<h2 style=\"color: #ffffff\">Adapt-CK, un professionnel qualifi\u00e9 et certifi\u00e9<\/h2>\n<\/div>\n<p>[\/vc_column_text][vc_separator color=&#8220;white&#8220; accent_color=&#8220;#ffffff&#8220;][\/vc_column][\/vc_row][vc_row][vc_column width=&#8220;1\/2&#8243;][vc_column_text]<\/p>\n<h2 class=\"wpb_heading\" style=\"text-align: right\">Nos qualifications<\/h2>\n<div style=\"float: left;margin-top: -70px\">\n\t\t\t<!-- START Home  About Us Photos REVOLUTION SLIDER 6.5.15 --><p class=\"rs-p-wp-fix\"><\/p>\n\t\t\t<rs-module-wrap id=\"rev_slider_2_1_wrapper\" data-source=\"gallery\" data-aimg=\"\"  style=\"visibility:hidden;padding:0;margin:0px auto;margin-top:0;margin-bottom:0;\">\n\t\t\t\t<rs-module id=\"rev_slider_2_1\" style=\"\" data-version=\"6.5.15\">\n\t\t\t\t\t<rs-slides>\n\t\t\t\t\t\t<rs-slide style=\"position: absolute;\" data-key=\"rs-4\" data-title=\"cep\" data-anim=\"ms:600;\" data-in=\"o:0;\" data-out=\"a:false;\">\n\t\t\t\t\t\t\t<img decoding=\"async\" src=\"\/\/www.adapt-ck.fr\/de\/wp-content\/plugins\/revslider\/public\/assets\/assets\/dummy.png\" alt=\"cep\" title=\"Home\" class=\"rev-slidebg tp-rs-img rs-lazyload\" data-lazyload=\"\/\/www.adapt-ck.fr\/de\/wp-content\/plugins\/revslider\/public\/assets\/assets\/transparent.png\" data-bg=\"p:center top;\" data-no-retina>\n<!--\n\t\t\t\t\t\t\t--><rs-layer\n\t\t\t\t\t\t\t\tid=\"slider-2-slide-4-layer-1\" \n\t\t\t\t\t\t\t\tdata-type=\"image\"\n\t\t\t\t\t\t\t\tdata-xy=\"x:c;y:c;\"\n\t\t\t\t\t\t\t\tdata-dim=\"w:257;h:166;\"\n\t\t\t\t\t\t\t\tdata-frame_0=\"y:50px;\"\n\t\t\t\t\t\t\t\tdata-frame_1=\"e:easeOutExpo;st:500;sp:500;\"\n\t\t\t\t\t\t\t\tdata-frame_999=\"st:w;auto:true;\"\n\t\t\t\t\t\t\t\tstyle=\"z-index:5;\"\n\t\t\t\t\t\t\t><img decoding=\"async\" src=\"\/\/www.adapt-ck.fr\/de\/wp-content\/plugins\/revslider\/public\/assets\/assets\/dummy.png\" alt=\"\" class=\"tp-rs-img rs-lazyload\" data-lazyload=\"\/\/www.adapt-ck.fr\/-2\/wp-content\/uploads\/2015\/03\/cep.jpg\" data-no-retina> \n\t\t\t\t\t\t\t<\/rs-layer><!--\n-->\t\t\t\t\t\t<\/rs-slide>\n\t\t\t\t\t\t<rs-slide style=\"position: absolute;\" data-key=\"rs-5\" data-title=\"aaa\" data-anim=\"ms:600;\" data-in=\"o:0;\" data-out=\"a:false;\">\n\t\t\t\t\t\t\t<img decoding=\"async\" src=\"\/\/www.adapt-ck.fr\/de\/wp-content\/plugins\/revslider\/public\/assets\/assets\/dummy.png\" alt=\"aaa\" title=\"Home\" class=\"rev-slidebg tp-rs-img rs-lazyload\" data-lazyload=\"\/\/www.adapt-ck.fr\/de\/wp-content\/plugins\/revslider\/public\/assets\/assets\/transparent.png\" data-bg=\"p:center top;\" data-no-retina>\n<!--\n\t\t\t\t\t\t\t--><rs-layer\n\t\t\t\t\t\t\t\tid=\"slider-2-slide-5-layer-1\" \n\t\t\t\t\t\t\t\tdata-type=\"image\"\n\t\t\t\t\t\t\t\tdata-xy=\"x:c;y:c;\"\n\t\t\t\t\t\t\t\tdata-dim=\"w:230;h:200;\"\n\t\t\t\t\t\t\t\tdata-frame_0=\"y:50px;\"\n\t\t\t\t\t\t\t\tdata-frame_1=\"e:easeOutExpo;st:500;sp:500;\"\n\t\t\t\t\t\t\t\tdata-frame_999=\"st:w;auto:true;\"\n\t\t\t\t\t\t\t\tstyle=\"z-index:5;\"\n\t\t\t\t\t\t\t><img decoding=\"async\" src=\"\/\/www.adapt-ck.fr\/de\/wp-content\/plugins\/revslider\/public\/assets\/assets\/dummy.png\" alt=\"\" class=\"tp-rs-img rs-lazyload\" data-lazyload=\"\/\/www.adapt-ck.fr\/-2\/wp-content\/uploads\/2015\/03\/a-a-a.jpg\" data-no-retina> \n\t\t\t\t\t\t\t<\/rs-layer><!--\n-->\t\t\t\t\t\t<\/rs-slide>\n\t\t\t\t\t<\/rs-slides>\n\t\t\t\t<\/rs-module>\n\t\t\t\t<script>\n\t\t\t\t\tsetREVStartSize({c: 'rev_slider_2_1',rl:[1240,1024,778,480],el:[],gw:[250],gh:[200],type:'standard',justify:'',layout:'fullwidth',mh:\"0\"});if (window.RS_MODULES!==undefined && window.RS_MODULES.modules!==undefined && window.RS_MODULES.modules[\"revslider21\"]!==undefined) {window.RS_MODULES.modules[\"revslider21\"].once = false;window.revapi2 = undefined;if (window.RS_MODULES.checkMinimal!==undefined) window.RS_MODULES.checkMinimal()}\n\t\t\t\t<\/script>\n\t\t\t<\/rs-module-wrap>\n\t\t\t<!-- END REVOLUTION SLIDER -->\n<\/div>\n<p style=\"text-align: right;margin-top: -2px\">Nos prestations sont mises en oeuvre par une \u00e9quipe de pose compos\u00e9e de professionnels qualifi\u00e9s, reconnus pour leur travail de qualit\u00e9 r\u00e9alis\u00e9 dans le respect des normes en vigueur.<\/p>\n<p>[\/vc_column_text][\/vc_column][vc_column width=&#8220;1\/2&#8243;][vc_progress_bar values=&#8220;100|S\u00e9curisation de l&#8217;environnement int\u00e9rieur et ext\u00e9rieur,100|Accessibilit\u00e9 des perssonnes \u00e0 mobilit\u00e9 r\u00e9duite,100|Menuiserie bois et m\u00e9tal&#8220; bgcolor=&#8220;accent-primary&#8220; title=&#8220;Nos comp\u00e9tences&#8220;][\/vc_column][\/vc_row]<\/p>\n","protected":false},"excerpt":{"rendered":"<p>[vc_row inertia=&#8220;0.1&#8243; css=&#8220;.vc_custom_1425387474129{background-color: #e7e7e7 !important;}&#8220;][vc_column width=&#8220;1\/1&#8243;][vc_column_text] Adapt-CK, des services pour les professionnels, les collectivit\u00e9s et les particuliers ADAPT-CK apporte des solutions adapt\u00e9es et pratiques de s\u00e9curisation de l\u2019environnement quotidien ext\u00e9rieur et int\u00e9rieur. R\u00e9aliser des travaux de transformation et d\u2019adaptation aux conditions de vie de la personne est notre objectif : pour un monde accessible \u00e0 tous ! &nbsp; [\/vc_column_text][\/vc_column][\/vc_row][vc_row][vc_column width=&#8220;1\/1&#8243;][vc_column_text css=&#8220;.vc_custom_1425382138964{padding-top: 10px !important;padding-bottom: 10px !important;background-color: #2cbf60 !important;}&#8220;] NOS PRESTATIONS [\/vc_column_text][vc_separator color=&#8220;grey&#8220; accent_color=&#8220;#ffffff&#8220;][\/vc_column][\/vc_row][vc_row inertia=&#8220;0.1&#8243;][vc_column width=&#8220;1\/3&#8243; css=&#8220;.vc_custom_1425387449273{padding: 0px !important;}&#8220;][\/vc_column][vc_column width=&#8220;1\/3&#8243;][\/vc_column][vc_column width=&#8220;1\/3&#8243;][\/vc_column][\/vc_row][vc_row][vc_column width=&#8220;1\/1&#8243;][vc_separator color=&#8220;grey&#8220;][\/vc_column][\/vc_row][vc_row inertia=&#8220;0.1&#8243;][vc_column width=&#8220;1\/3&#8243;][\/vc_column][vc_column width=&#8220;1\/3&#8243;][\/vc_column][vc_column width=&#8220;1\/3&#8243;][\/vc_column][\/vc_row][vc_row inertia=&#8220;0.1&#8243;][vc_column width=&#8220;1\/1&#8243;][vc_column_text css=&#8220;.vc_custom_1425402534379{padding-top: 10px !important;padding-bottom: 10px !important;background-color: #2cbf60 !important;}&#8220;] Adapt-CK, un professionnel qualifi\u00e9 et certifi\u00e9 [\/vc_column_text][vc_separator color=&#8220;white&#8220; accent_color=&#8220;#ffffff&#8220;][\/vc_column][\/vc_row][vc_row][vc_column width=&#8220;1\/2&#8243;][vc_column_text] Nos qualifications Nos prestations sont mises en oeuvre par une \u00e9quipe de pose compos\u00e9e de professionnels qualifi\u00e9s, reconnus pour leur travail de qualit\u00e9 r\u00e9alis\u00e9 dans le respect des normes en vigueur. [\/vc_column_text][\/vc_column][vc_column width=&#8220;1\/2&#8243;][vc_progress_bar values=&#8220;100|S\u00e9curisation de l&#8217;environnement int\u00e9rieur et ext\u00e9rieur,100|Accessibilit\u00e9 des perssonnes \u00e0 mobilit\u00e9 r\u00e9duite,100|Menuiserie bois et m\u00e9tal&#8220; bgcolor=&#8220;accent-primary&#8220; title=&#8220;Nos comp\u00e9tences&#8220;][\/vc_column][\/vc_row]<\/p>\n","protected":false},"author":1,"featured_media":0,"parent":0,"menu_order":0,"comment_status":"closed","ping_status":"closed","template":"","meta":{"footnotes":""},"_links":{"self":[{"href":"https:\/\/www.adapt-ck.fr\/de\/wp-json\/wp\/v2\/pages\/4"}],"collection":[{"href":"https:\/\/www.adapt-ck.fr\/de\/wp-json\/wp\/v2\/pages"}],"about":[{"href":"https:\/\/www.adapt-ck.fr\/de\/wp-json\/wp\/v2\/types\/page"}],"author":[{"embeddable":true,"href":"https:\/\/www.adapt-ck.fr\/de\/wp-json\/wp\/v2\/users\/1"}],"replies":[{"embeddable":true,"href":"https:\/\/www.adapt-ck.fr\/de\/wp-json\/wp\/v2\/comments?post=4"}],"version-history":[{"count":5,"href":"https:\/\/www.adapt-ck.fr\/de\/wp-json\/wp\/v2\/pages\/4\/revisions"}],"predecessor-version":[{"id":570,"href":"https:\/\/www.adapt-ck.fr\/de\/wp-json\/wp\/v2\/pages\/4\/revisions\/570"}],"wp:attachment":[{"href":"https:\/\/www.adapt-ck.fr\/de\/wp-json\/wp\/v2\/media?parent=4"}],"curies":[{"name":"wp","href":"https:\/\/api.w.org\/{rel}","templated":true}]}}