{"id":375,"date":"2015-04-01T21:52:48","date_gmt":"2015-04-01T20:52:48","guid":{"rendered":"http:\/\/www.adapt-ck.fr\/-2\/?page_id=375"},"modified":"2015-04-09T14:27:47","modified_gmt":"2015-04-09T13:27:47","slug":"systemes-delevation-et-rampes","status":"publish","type":"page","link":"https:\/\/www.adapt-ck.fr\/de\/catalogue\/systemes-delevation-et-rampes\/","title":{"rendered":"Syst\u00e8mes d\u2019\u00e9l\u00e9vation et rampes"},"content":{"rendered":"<p>[vc_row][vc_column width=&#8220;1\/1&#8243;][vc_single_image image=&#8220;460&#8243; alignment=&#8220;center&#8220; border_color=&#8220;grey&#8220; img_link_target=&#8220;_self&#8220; img_size=&#8220;full&#8220;][\/vc_column][\/vc_row][vc_row][vc_column width=&#8220;1\/1&#8243;][vc_column_text]<\/p>\n<h1><strong>Profitez de vos espace en les rendant accessible<\/strong><\/h1>\n<p>El\u00e9vateur ou monte escalier au design attractif et fonctionnel qui prendra place chez vous en toute discr\u00e9tion. Laissez-vous convaincre par votre mobilit\u00e9 !<\/p>\n<p><strong>El\u00e9vateur vertical EDNI<\/strong><br \/>\nPour franchir les diff\u00e9rences de niveau, plus adapt\u00e9 qu\u2019un ascenseur, l\u2019\u00e9l\u00e9vateur s\u2019adapte facilement \u00e0 l\u2019architecture. Il \u00e9volue sur un rail et saie ce faire discret en toute s\u00e9curit\u00e9.<\/p>\n<p><strong>Plateforme monte escalier ESP<\/strong><br \/>\nLes monte-escalier ont \u00e9t\u00e9 con\u00e7ues pour s\u2019adapter \u00e0 tout type d\u2019escalier, quel que soit l\u2019environnement. Cette plateforme \u00e9volue sur un rail d\u2019aluminium au mur ou autoportant.[\/vc_column_text][vc_text_separator title=&#8220;Syst\u00e8mes d\u2019\u00e9l\u00e9vation&#8220; title_align=&#8220;separator_align_center&#8220; color=&#8220;grey&#8220; style=&#8220;double&#8220;][vc_column_text]Exemples de r\u00e9alisations :[\/vc_column_text][vc_row_inner][vc_column_inner width=&#8220;1\/4&#8243;][vc_single_image image=&#8220;449&#8243; alignment=&#8220;center&#8220; border_color=&#8220;grey&#8220; img_link_large=&#8220;yes&#8220; img_link_target=&#8220;_self&#8220; img_size=&#8220;194&#215;194&#8243;][\/vc_column_inner][vc_column_inner width=&#8220;1\/4&#8243;][vc_single_image image=&#8220;450&#8243; alignment=&#8220;center&#8220; border_color=&#8220;grey&#8220; img_link_large=&#8220;yes&#8220; img_link_target=&#8220;_self&#8220; img_size=&#8220;194&#215;194&#8243;][\/vc_column_inner][vc_column_inner width=&#8220;1\/4&#8243;][vc_single_image image=&#8220;456&#8243; alignment=&#8220;center&#8220; border_color=&#8220;grey&#8220; img_link_large=&#8220;yes&#8220; img_link_target=&#8220;_self&#8220; img_size=&#8220;194&#215;194&#8243;][\/vc_column_inner][vc_column_inner width=&#8220;1\/4&#8243;][vc_single_image image=&#8220;459&#8243; alignment=&#8220;center&#8220; border_color=&#8220;grey&#8220; img_link_large=&#8220;yes&#8220; img_link_target=&#8220;_self&#8220; img_size=&#8220;194&#215;194&#8243;][\/vc_column_inner][\/vc_row_inner][\/vc_column][\/vc_row][vc_row][vc_column width=&#8220;1\/1&#8243;][vc_text_separator title=&#8220;Rampes d\u2019acc\u00e8s et de franchissement d\u2019obstacles&#8220; title_align=&#8220;separator_align_center&#8220; color=&#8220;grey&#8220; style=&#8220;double&#8220;][vc_column_text]Exemples de r\u00e9alisations :[\/vc_column_text][vc_row_inner][vc_column_inner width=&#8220;1\/4&#8243;][vc_single_image image=&#8220;452&#8243; alignment=&#8220;center&#8220; border_color=&#8220;grey&#8220; img_link_large=&#8220;yes&#8220; img_link_target=&#8220;_self&#8220; img_size=&#8220;194&#215;194&#8243;][vc_column_text]Etude personnalis\u00e9e[\/vc_column_text][\/vc_column_inner][vc_column_inner width=&#8220;1\/4&#8243;][vc_single_image image=&#8220;453&#8243; alignment=&#8220;center&#8220; border_color=&#8220;grey&#8220; img_link_large=&#8220;yes&#8220; img_link_target=&#8220;_self&#8220; img_size=&#8220;194&#215;194&#8243;][vc_column_text]Rampe d\u2019acc\u00e8s modulables en bois ou m\u00e9tal[\/vc_column_text][\/vc_column_inner][vc_column_inner width=&#8220;1\/4&#8243;][vc_single_image image=&#8220;454&#8243; alignment=&#8220;center&#8220; border_color=&#8220;grey&#8220; img_link_large=&#8220;yes&#8220; img_link_target=&#8220;_self&#8220; img_size=&#8220;194&#215;194&#8243;][vc_column_text]Passage de porte[\/vc_column_text][\/vc_column_inner][vc_column_inner width=&#8220;1\/4&#8243;][vc_single_image image=&#8220;457&#8243; alignment=&#8220;center&#8220; border_color=&#8220;grey&#8220; img_link_large=&#8220;yes&#8220; img_link_target=&#8220;_self&#8220; img_size=&#8220;194&#215;194&#8243;][vc_column_text]Franchissement d\u2019obstacle[\/vc_column_text][\/vc_column_inner][\/vc_row_inner][vc_row_inner][vc_column_inner width=&#8220;1\/4&#8243;][vc_single_image image=&#8220;458&#8243; alignment=&#8220;center&#8220; border_color=&#8220;grey&#8220; img_link_large=&#8220;yes&#8220; img_link_target=&#8220;_self&#8220; img_size=&#8220;194&#215;194&#8243;][\/vc_column_inner][vc_column_inner width=&#8220;1\/4&#8243;][vc_single_image image=&#8220;455&#8243; alignment=&#8220;center&#8220; border_color=&#8220;grey&#8220; img_link_large=&#8220;yes&#8220; img_link_target=&#8220;_self&#8220; img_size=&#8220;194&#215;194&#8243;][\/vc_column_inner][vc_column_inner width=&#8220;1\/4&#8243;][\/vc_column_inner][vc_column_inner width=&#8220;1\/4&#8243;][\/vc_column_inner][\/vc_row_inner][\/vc_column][\/vc_row]<\/p>\n","protected":false},"excerpt":{"rendered":"<p>[vc_row][vc_column width=&#8220;1\/1&#8243;][vc_single_image image=&#8220;460&#8243; alignment=&#8220;center&#8220; border_color=&#8220;grey&#8220; img_link_target=&#8220;_self&#8220; img_size=&#8220;full&#8220;][\/vc_column][\/vc_row][vc_row][vc_column width=&#8220;1\/1&#8243;][vc_column_text] Profitez de vos espace en les rendant accessible El\u00e9vateur ou monte escalier au design attractif et fonctionnel qui prendra place chez vous en toute discr\u00e9tion. Laissez-vous convaincre par votre mobilit\u00e9 ! El\u00e9vateur vertical EDNI Pour franchir les diff\u00e9rences de niveau, plus adapt\u00e9 qu\u2019un ascenseur, l\u2019\u00e9l\u00e9vateur s\u2019adapte facilement \u00e0 l\u2019architecture. Il \u00e9volue sur un rail et saie ce faire discret en toute s\u00e9curit\u00e9. Plateforme monte escalier ESP Les monte-escalier ont \u00e9t\u00e9 con\u00e7ues pour s\u2019adapter \u00e0 tout type d\u2019escalier, quel que soit l\u2019environnement. Cette plateforme \u00e9volue sur un rail d\u2019aluminium au mur ou autoportant.[\/vc_column_text][vc_text_separator title=&#8220;Syst\u00e8mes d\u2019\u00e9l\u00e9vation&#8220; title_align=&#8220;separator_align_center&#8220; color=&#8220;grey&#8220; style=&#8220;double&#8220;][vc_column_text]Exemples de r\u00e9alisations :[\/vc_column_text][vc_row_inner][vc_column_inner width=&#8220;1\/4&#8243;][vc_single_image image=&#8220;449&#8243; alignment=&#8220;center&#8220; border_color=&#8220;grey&#8220; img_link_large=&#8220;yes&#8220; img_link_target=&#8220;_self&#8220; img_size=&#8220;194&#215;194&#8243;][\/vc_column_inner][vc_column_inner width=&#8220;1\/4&#8243;][vc_single_image image=&#8220;450&#8243; alignment=&#8220;center&#8220; border_color=&#8220;grey&#8220; img_link_large=&#8220;yes&#8220; img_link_target=&#8220;_self&#8220; img_size=&#8220;194&#215;194&#8243;][\/vc_column_inner][vc_column_inner width=&#8220;1\/4&#8243;][vc_single_image image=&#8220;456&#8243; alignment=&#8220;center&#8220; border_color=&#8220;grey&#8220; img_link_large=&#8220;yes&#8220; img_link_target=&#8220;_self&#8220; img_size=&#8220;194&#215;194&#8243;][\/vc_column_inner][vc_column_inner width=&#8220;1\/4&#8243;][vc_single_image image=&#8220;459&#8243; alignment=&#8220;center&#8220; border_color=&#8220;grey&#8220; img_link_large=&#8220;yes&#8220; img_link_target=&#8220;_self&#8220; img_size=&#8220;194&#215;194&#8243;][\/vc_column_inner][\/vc_row_inner][\/vc_column][\/vc_row][vc_row][vc_column width=&#8220;1\/1&#8243;][vc_text_separator title=&#8220;Rampes d\u2019acc\u00e8s et de franchissement d\u2019obstacles&#8220; title_align=&#8220;separator_align_center&#8220; color=&#8220;grey&#8220; style=&#8220;double&#8220;][vc_column_text]Exemples de r\u00e9alisations :[\/vc_column_text][vc_row_inner][vc_column_inner width=&#8220;1\/4&#8243;][vc_single_image image=&#8220;452&#8243; alignment=&#8220;center&#8220; border_color=&#8220;grey&#8220; img_link_large=&#8220;yes&#8220; img_link_target=&#8220;_self&#8220; img_size=&#8220;194&#215;194&#8243;][vc_column_text]Etude personnalis\u00e9e[\/vc_column_text][\/vc_column_inner][vc_column_inner width=&#8220;1\/4&#8243;][vc_single_image image=&#8220;453&#8243; alignment=&#8220;center&#8220; border_color=&#8220;grey&#8220; img_link_large=&#8220;yes&#8220; img_link_target=&#8220;_self&#8220; img_size=&#8220;194&#215;194&#8243;][vc_column_text]Rampe d\u2019acc\u00e8s modulables en bois ou m\u00e9tal[\/vc_column_text][\/vc_column_inner][vc_column_inner width=&#8220;1\/4&#8243;][vc_single_image image=&#8220;454&#8243; alignment=&#8220;center&#8220; border_color=&#8220;grey&#8220; img_link_large=&#8220;yes&#8220; img_link_target=&#8220;_self&#8220; img_size=&#8220;194&#215;194&#8243;][vc_column_text]Passage de porte[\/vc_column_text][\/vc_column_inner][vc_column_inner width=&#8220;1\/4&#8243;][vc_single_image image=&#8220;457&#8243; alignment=&#8220;center&#8220; border_color=&#8220;grey&#8220; img_link_large=&#8220;yes&#8220; img_link_target=&#8220;_self&#8220; img_size=&#8220;194&#215;194&#8243;][vc_column_text]Franchissement d\u2019obstacle[\/vc_column_text][\/vc_column_inner][\/vc_row_inner][vc_row_inner][vc_column_inner width=&#8220;1\/4&#8243;][vc_single_image image=&#8220;458&#8243; alignment=&#8220;center&#8220; border_color=&#8220;grey&#8220; img_link_large=&#8220;yes&#8220; img_link_target=&#8220;_self&#8220; img_size=&#8220;194&#215;194&#8243;][\/vc_column_inner][vc_column_inner width=&#8220;1\/4&#8243;][vc_single_image image=&#8220;455&#8243; alignment=&#8220;center&#8220; border_color=&#8220;grey&#8220; img_link_large=&#8220;yes&#8220; img_link_target=&#8220;_self&#8220; img_size=&#8220;194&#215;194&#8243;][\/vc_column_inner][vc_column_inner width=&#8220;1\/4&#8243;][\/vc_column_inner][vc_column_inner width=&#8220;1\/4&#8243;][\/vc_column_inner][\/vc_row_inner][\/vc_column][\/vc_row]<\/p>\n","protected":false},"author":1,"featured_media":0,"parent":123,"menu_order":0,"comment_status":"closed","ping_status":"open","template":"","meta":{"footnotes":""},"_links":{"self":[{"href":"https:\/\/www.adapt-ck.fr\/de\/wp-json\/wp\/v2\/pages\/375"}],"collection":[{"href":"https:\/\/www.adapt-ck.fr\/de\/wp-json\/wp\/v2\/pages"}],"about":[{"href":"https:\/\/www.adapt-ck.fr\/de\/wp-json\/wp\/v2\/types\/page"}],"author":[{"embeddable":true,"href":"https:\/\/www.adapt-ck.fr\/de\/wp-json\/wp\/v2\/users\/1"}],"replies":[{"embeddable":true,"href":"https:\/\/www.adapt-ck.fr\/de\/wp-json\/wp\/v2\/comments?post=375"}],"version-history":[{"count":3,"href":"https:\/\/www.adapt-ck.fr\/de\/wp-json\/wp\/v2\/pages\/375\/revisions"}],"predecessor-version":[{"id":461,"href":"https:\/\/www.adapt-ck.fr\/de\/wp-json\/wp\/v2\/pages\/375\/revisions\/461"}],"up":[{"embeddable":true,"href":"https:\/\/www.adapt-ck.fr\/de\/wp-json\/wp\/v2\/pages\/123"}],"wp:attachment":[{"href":"https:\/\/www.adapt-ck.fr\/de\/wp-json\/wp\/v2\/media?parent=375"}],"curies":[{"name":"wp","href":"https:\/\/api.w.org\/{rel}","templated":true}]}}