{"id":373,"date":"2015-04-01T21:52:04","date_gmt":"2015-04-01T20:52:04","guid":{"rendered":"http:\/\/www.adapt-ck.fr\/-2\/?page_id=373"},"modified":"2015-04-24T13:45:01","modified_gmt":"2015-04-24T12:45:01","slug":"amenagements-interieurs","status":"publish","type":"page","link":"https:\/\/www.adapt-ck.fr\/de\/catalogue\/amenagements-interieurs\/","title":{"rendered":"Am\u00e9nagements int\u00e9rieurs"},"content":{"rendered":"<p>[vc_row][vc_column width=&#8220;1\/1&#8243;][vc_single_image image=&#8220;538&#8243; alignment=&#8220;center&#8220; border_color=&#8220;grey&#8220; img_link_target=&#8220;_self&#8220; img_size=&#8220;full&#8220;][\/vc_column][\/vc_row][vc_row][vc_column width=&#8220;1\/1&#8243;][vc_column_text]R\u00e9aliser des travaux de transformation et d\u2019adaptation aux conditions de vie de la personne est notre objectif : <strong>pour un monde accessible \u00e0 tous !<\/strong><\/p>\n<p>Nous intervenons pour tous travaux d\u2019adaptation du domicile, du poste de travail et de tous lieux accueillants du public.<\/p>\n<p>Nous proposons une large gamme d\u2019\u00e9quipements pour personnes \u00e0 mobilit\u00e9 r\u00e9duite tels que des si\u00e8ges de douche ou de baignoire, des barres relevables, des barres d\u2019appui, du mobilier modulable ainsi que des am\u00e9nagements adapt\u00e9s.<\/p>\n<p>Nous r\u00e9alisons \u00e9galement des travaux de transformation, d\u2019adaptation, de remplacement et de retournement de portes.[\/vc_column_text][vc_column_text]Exemples de r\u00e9alisations :[\/vc_column_text][vc_row_inner][vc_column_inner width=&#8220;1\/4&#8243;][vc_single_image image=&#8220;438&#8243; alignment=&#8220;center&#8220; border_color=&#8220;grey&#8220; img_link_large=&#8220;yes&#8220; img_link_target=&#8220;_self&#8220; img_size=&#8220;194&#215;194&#8243;][\/vc_column_inner][vc_column_inner width=&#8220;1\/4&#8243;][vc_single_image image=&#8220;445&#8243; alignment=&#8220;center&#8220; border_color=&#8220;grey&#8220; img_link_large=&#8220;yes&#8220; img_link_target=&#8220;_self&#8220; img_size=&#8220;194&#215;194&#8243;][\/vc_column_inner][vc_column_inner width=&#8220;1\/4&#8243;][vc_single_image image=&#8220;439&#8243; alignment=&#8220;center&#8220; border_color=&#8220;grey&#8220; img_link_large=&#8220;yes&#8220; img_link_target=&#8220;_self&#8220; img_size=&#8220;194&#215;194&#8243;][\/vc_column_inner][vc_column_inner width=&#8220;1\/4&#8243;][vc_single_image image=&#8220;444&#8243; alignment=&#8220;center&#8220; border_color=&#8220;grey&#8220; img_link_large=&#8220;yes&#8220; img_link_target=&#8220;_self&#8220; img_size=&#8220;194&#215;194&#8243;][\/vc_column_inner][\/vc_row_inner][vc_row_inner][vc_column_inner width=&#8220;1\/4&#8243;][vc_single_image image=&#8220;441&#8243; alignment=&#8220;center&#8220; border_color=&#8220;grey&#8220; img_link_large=&#8220;yes&#8220; img_link_target=&#8220;_self&#8220; img_size=&#8220;194&#215;194&#8243;][vc_column_text]Postes de travail adapt\u00e9s[\/vc_column_text][\/vc_column_inner][vc_column_inner width=&#8220;1\/4&#8243;][vc_single_image image=&#8220;443&#8243; alignment=&#8220;center&#8220; border_color=&#8220;grey&#8220; img_link_large=&#8220;yes&#8220; img_link_target=&#8220;_self&#8220; img_size=&#8220;194&#215;194&#8243;][vc_column_text]Adaptation de banque d\u2019accueil PMR[\/vc_column_text][\/vc_column_inner][vc_column_inner width=&#8220;1\/4&#8243;][vc_single_image image=&#8220;440&#8243; alignment=&#8220;center&#8220; border_color=&#8220;grey&#8220; img_link_large=&#8220;yes&#8220; img_link_target=&#8220;_self&#8220; img_size=&#8220;194&#215;194&#8243;][vc_column_text]Placards sur mesure[\/vc_column_text][\/vc_column_inner][vc_column_inner width=&#8220;1\/4&#8243;][vc_single_image image=&#8220;442&#8243; alignment=&#8220;center&#8220; border_color=&#8220;grey&#8220; img_link_large=&#8220;yes&#8220; img_link_target=&#8220;_self&#8220; img_size=&#8220;194&#215;194&#8243;][vc_column_text]Mobiliers int\u00e9gr\u00e9s[\/vc_column_text][\/vc_column_inner][\/vc_row_inner][\/vc_column][\/vc_row]<\/p>\n","protected":false},"excerpt":{"rendered":"<p>[vc_row][vc_column width=&#8220;1\/1&#8243;][vc_single_image image=&#8220;538&#8243; alignment=&#8220;center&#8220; border_color=&#8220;grey&#8220; img_link_target=&#8220;_self&#8220; img_size=&#8220;full&#8220;][\/vc_column][\/vc_row][vc_row][vc_column width=&#8220;1\/1&#8243;][vc_column_text]R\u00e9aliser des travaux de transformation et d\u2019adaptation aux conditions de vie de la personne est notre objectif : pour un monde accessible \u00e0 tous ! Nous intervenons pour tous travaux d\u2019adaptation du domicile, du poste de travail et de tous lieux accueillants du public. Nous proposons une large gamme d\u2019\u00e9quipements pour personnes \u00e0 mobilit\u00e9 r\u00e9duite tels que des si\u00e8ges de douche ou de baignoire, des barres relevables, des barres d\u2019appui, du mobilier modulable ainsi que des am\u00e9nagements adapt\u00e9s. Nous r\u00e9alisons \u00e9galement des travaux de transformation, d\u2019adaptation, de remplacement et de retournement de portes.[\/vc_column_text][vc_column_text]Exemples de r\u00e9alisations :[\/vc_column_text][vc_row_inner][vc_column_inner width=&#8220;1\/4&#8243;][vc_single_image image=&#8220;438&#8243; alignment=&#8220;center&#8220; border_color=&#8220;grey&#8220; img_link_large=&#8220;yes&#8220; img_link_target=&#8220;_self&#8220; img_size=&#8220;194&#215;194&#8243;][\/vc_column_inner][vc_column_inner width=&#8220;1\/4&#8243;][vc_single_image image=&#8220;445&#8243; alignment=&#8220;center&#8220; border_color=&#8220;grey&#8220; img_link_large=&#8220;yes&#8220; img_link_target=&#8220;_self&#8220; img_size=&#8220;194&#215;194&#8243;][\/vc_column_inner][vc_column_inner width=&#8220;1\/4&#8243;][vc_single_image image=&#8220;439&#8243; alignment=&#8220;center&#8220; border_color=&#8220;grey&#8220; img_link_large=&#8220;yes&#8220; img_link_target=&#8220;_self&#8220; img_size=&#8220;194&#215;194&#8243;][\/vc_column_inner][vc_column_inner width=&#8220;1\/4&#8243;][vc_single_image image=&#8220;444&#8243; alignment=&#8220;center&#8220; border_color=&#8220;grey&#8220; img_link_large=&#8220;yes&#8220; img_link_target=&#8220;_self&#8220; img_size=&#8220;194&#215;194&#8243;][\/vc_column_inner][\/vc_row_inner][vc_row_inner][vc_column_inner width=&#8220;1\/4&#8243;][vc_single_image image=&#8220;441&#8243; alignment=&#8220;center&#8220; border_color=&#8220;grey&#8220; img_link_large=&#8220;yes&#8220; img_link_target=&#8220;_self&#8220; img_size=&#8220;194&#215;194&#8243;][vc_column_text]Postes de travail adapt\u00e9s[\/vc_column_text][\/vc_column_inner][vc_column_inner width=&#8220;1\/4&#8243;][vc_single_image image=&#8220;443&#8243; alignment=&#8220;center&#8220; border_color=&#8220;grey&#8220; img_link_large=&#8220;yes&#8220; img_link_target=&#8220;_self&#8220; img_size=&#8220;194&#215;194&#8243;][vc_column_text]Adaptation de banque d\u2019accueil PMR[\/vc_column_text][\/vc_column_inner][vc_column_inner width=&#8220;1\/4&#8243;][vc_single_image image=&#8220;440&#8243; alignment=&#8220;center&#8220; border_color=&#8220;grey&#8220; img_link_large=&#8220;yes&#8220; img_link_target=&#8220;_self&#8220; img_size=&#8220;194&#215;194&#8243;][vc_column_text]Placards sur mesure[\/vc_column_text][\/vc_column_inner][vc_column_inner width=&#8220;1\/4&#8243;][vc_single_image image=&#8220;442&#8243; alignment=&#8220;center&#8220; border_color=&#8220;grey&#8220; img_link_large=&#8220;yes&#8220; img_link_target=&#8220;_self&#8220; img_size=&#8220;194&#215;194&#8243;][vc_column_text]Mobiliers int\u00e9gr\u00e9s[\/vc_column_text][\/vc_column_inner][\/vc_row_inner][\/vc_column][\/vc_row]<\/p>\n","protected":false},"author":1,"featured_media":0,"parent":123,"menu_order":0,"comment_status":"closed","ping_status":"closed","template":"","meta":{"footnotes":""},"_links":{"self":[{"href":"https:\/\/www.adapt-ck.fr\/de\/wp-json\/wp\/v2\/pages\/373"}],"collection":[{"href":"https:\/\/www.adapt-ck.fr\/de\/wp-json\/wp\/v2\/pages"}],"about":[{"href":"https:\/\/www.adapt-ck.fr\/de\/wp-json\/wp\/v2\/types\/page"}],"author":[{"embeddable":true,"href":"https:\/\/www.adapt-ck.fr\/de\/wp-json\/wp\/v2\/users\/1"}],"replies":[{"embeddable":true,"href":"https:\/\/www.adapt-ck.fr\/de\/wp-json\/wp\/v2\/comments?post=373"}],"version-history":[{"count":5,"href":"https:\/\/www.adapt-ck.fr\/de\/wp-json\/wp\/v2\/pages\/373\/revisions"}],"predecessor-version":[{"id":539,"href":"https:\/\/www.adapt-ck.fr\/de\/wp-json\/wp\/v2\/pages\/373\/revisions\/539"}],"up":[{"embeddable":true,"href":"https:\/\/www.adapt-ck.fr\/de\/wp-json\/wp\/v2\/pages\/123"}],"wp:attachment":[{"href":"https:\/\/www.adapt-ck.fr\/de\/wp-json\/wp\/v2\/media?parent=373"}],"curies":[{"name":"wp","href":"https:\/\/api.w.org\/{rel}","templated":true}]}}