{"id":367,"date":"2015-04-01T21:49:16","date_gmt":"2015-04-01T20:49:16","guid":{"rendered":"http:\/\/www.adapt-ck.fr\/-2\/?page_id=367"},"modified":"2015-04-24T17:49:37","modified_gmt":"2015-04-24T16:49:37","slug":"escaliers-bois-ou-metal","status":"publish","type":"page","link":"https:\/\/www.adapt-ck.fr\/de\/catalogue\/escaliers-bois-ou-metal\/","title":{"rendered":"Escaliers bois ou m\u00e9tal"},"content":{"rendered":"<p>[vc_row][vc_column width=&#8220;1\/1&#8243;][vc_single_image image=&#8220;519&#8243; border_color=&#8220;grey&#8220; img_link_target=&#8220;_self&#8220; img_size=&#8220;full&#8220;][\/vc_column][\/vc_row][vc_row][vc_column width=&#8220;1\/1&#8243;][vc_column_text]Nous r\u00e9alisons sur mesure vos escaliers et garde-corps l\u2019int\u00e9rieur ou l\u2019ext\u00e9rieur en bois ou en m\u00e9tal : escaliers droits, tournant, ou h\u00e9lico\u00efdal \u00e0 corps en fonte.[\/vc_column_text][vc_text_separator title=&#8220;Escaliers int\u00e9rieurs&#8220; title_align=&#8220;separator_align_center&#8220; color=&#8220;grey&#8220; style=&#8220;double&#8220;][vc_column_text]Exemples de r\u00e9alisations :[\/vc_column_text][vc_row_inner][vc_column_inner width=&#8220;1\/4&#8243;][vc_single_image image=&#8220;397&#8243; border_color=&#8220;grey&#8220; img_link_large=&#8220;yes&#8220; img_link_target=&#8220;_self&#8220; img_size=&#8220;194&#215;194&#8243;][vc_column_text]Escalier double-quart tournant[\/vc_column_text][\/vc_column_inner][vc_column_inner width=&#8220;1\/4&#8243;][vc_single_image image=&#8220;525&#8243; border_color=&#8220;grey&#8220; img_link_large=&#8220;yes&#8220; img_link_target=&#8220;_self&#8220; img_size=&#8220;194&#215;194&#8243;][\/vc_column_inner][vc_column_inner width=&#8220;1\/4&#8243;][vc_single_image image=&#8220;400&#8243; border_color=&#8220;grey&#8220; img_link_large=&#8220;yes&#8220; img_link_target=&#8220;_self&#8220; img_size=&#8220;194&#215;194&#8243;][vc_column_text]Nombreuses finitions disponibles[\/vc_column_text][\/vc_column_inner][vc_column_inner width=&#8220;1\/4&#8243;][vc_single_image image=&#8220;401&#8243; border_color=&#8220;grey&#8220; img_link_large=&#8220;yes&#8220; img_link_target=&#8220;_self&#8220; img_size=&#8220;194&#215;194&#8243;][\/vc_column_inner][\/vc_row_inner][vc_row_inner][vc_column_inner width=&#8220;1\/4&#8243;][vc_single_image image=&#8220;402&#8243; border_color=&#8220;grey&#8220; img_link_large=&#8220;yes&#8220; img_link_target=&#8220;_self&#8220; img_size=&#8220;194&#215;194&#8243;][\/vc_column_inner][vc_column_inner width=&#8220;1\/4&#8243;][vc_single_image image=&#8220;404&#8243; border_color=&#8220;grey&#8220; img_link_large=&#8220;yes&#8220; img_link_target=&#8220;_self&#8220; img_size=&#8220;194&#215;194&#8243;][\/vc_column_inner][vc_column_inner width=&#8220;1\/4&#8243;][vc_single_image image=&#8220;407&#8243; border_color=&#8220;grey&#8220; img_link_large=&#8220;yes&#8220; img_link_target=&#8220;_self&#8220; img_size=&#8220;194&#215;194&#8243;][vc_column_text]Escalier adapt\u00e9 aux espaces restreints[\/vc_column_text][\/vc_column_inner][vc_column_inner width=&#8220;1\/4&#8243;][vc_single_image image=&#8220;408&#8243; border_color=&#8220;grey&#8220; img_link_large=&#8220;yes&#8220; img_link_target=&#8220;_self&#8220; img_size=&#8220;194&#215;194&#8243;][vc_column_text]Garde-corps sur mesure[\/vc_column_text][\/vc_column_inner][\/vc_row_inner][vc_row_inner][vc_column_inner width=&#8220;1\/4&#8243;][vc_single_image image=&#8220;523&#8243; border_color=&#8220;grey&#8220; img_link_large=&#8220;yes&#8220; img_link_target=&#8220;_self&#8220; img_size=&#8220;194&#215;194&#8243;][\/vc_column_inner][vc_column_inner width=&#8220;1\/4&#8243;][vc_single_image image=&#8220;521&#8243; border_color=&#8220;grey&#8220; img_link_large=&#8220;yes&#8220; img_link_target=&#8220;_self&#8220; img_size=&#8220;194&#215;194&#8243;][\/vc_column_inner][vc_column_inner width=&#8220;1\/4&#8243;][vc_single_image image=&#8220;522&#8243; border_color=&#8220;grey&#8220; img_link_large=&#8220;yes&#8220; img_link_target=&#8220;_self&#8220; img_size=&#8220;194&#215;194&#8243;][\/vc_column_inner][vc_column_inner width=&#8220;1\/4&#8243;][vc_single_image image=&#8220;524&#8243; border_color=&#8220;grey&#8220; img_link_large=&#8220;yes&#8220; img_link_target=&#8220;_self&#8220; img_size=&#8220;194&#215;194&#8243;][\/vc_column_inner][\/vc_row_inner][vc_row_inner][vc_column_inner width=&#8220;1\/4&#8243;][vc_single_image image=&#8220;520&#8243; border_color=&#8220;grey&#8220; img_link_large=&#8220;yes&#8220; img_link_target=&#8220;_self&#8220; img_size=&#8220;194&#215;194&#8243;][vc_column_text]Escalier\u00a0h\u00e9lico\u00efdal en cours de montage[\/vc_column_text][\/vc_column_inner][vc_column_inner width=&#8220;1\/4&#8243;][\/vc_column_inner][vc_column_inner width=&#8220;1\/4&#8243;][\/vc_column_inner][vc_column_inner width=&#8220;1\/4&#8243;][\/vc_column_inner][\/vc_row_inner][vc_text_separator title=&#8220;Escaliers ext\u00e9rieurs bois ou m\u00e9tal&#8220; title_align=&#8220;separator_align_center&#8220; color=&#8220;grey&#8220; style=&#8220;double&#8220;][vc_column_text]Exemples de r\u00e9alisations :[\/vc_column_text][vc_row_inner][vc_column_inner width=&#8220;1\/4&#8243;][vc_single_image image=&#8220;398&#8243; border_color=&#8220;grey&#8220; img_link_large=&#8220;yes&#8220; img_link_target=&#8220;_self&#8220; img_size=&#8220;194&#215;194&#8243;][\/vc_column_inner][vc_column_inner width=&#8220;1\/4&#8243;][vc_single_image image=&#8220;406&#8243; border_color=&#8220;grey&#8220; img_link_large=&#8220;yes&#8220; img_link_target=&#8220;_self&#8220; img_size=&#8220;194&#215;194&#8243;][\/vc_column_inner][vc_column_inner width=&#8220;1\/4&#8243;][vc_single_image image=&#8220;405&#8243; border_color=&#8220;grey&#8220; img_link_large=&#8220;yes&#8220; img_link_target=&#8220;_self&#8220; img_size=&#8220;194&#215;194&#8243;][\/vc_column_inner][vc_column_inner width=&#8220;1\/4&#8243;][vc_single_image image=&#8220;403&#8243; border_color=&#8220;grey&#8220; img_link_large=&#8220;yes&#8220; img_link_target=&#8220;_self&#8220; img_size=&#8220;194&#215;194&#8243;][vc_column_text]Escalier \u00e0 hauteur de marche adapt\u00e9e pour les personnes \u00e0 mobilit\u00e9 r\u00e9duite[\/vc_column_text][\/vc_column_inner][\/vc_row_inner][\/vc_column][\/vc_row]<\/p>\n","protected":false},"excerpt":{"rendered":"<p>[vc_row][vc_column width=&#8220;1\/1&#8243;][vc_single_image image=&#8220;519&#8243; border_color=&#8220;grey&#8220; img_link_target=&#8220;_self&#8220; img_size=&#8220;full&#8220;][\/vc_column][\/vc_row][vc_row][vc_column width=&#8220;1\/1&#8243;][vc_column_text]Nous r\u00e9alisons sur mesure vos escaliers et garde-corps l\u2019int\u00e9rieur ou l\u2019ext\u00e9rieur en bois ou en m\u00e9tal : escaliers droits, tournant, ou h\u00e9lico\u00efdal \u00e0 corps en fonte.[\/vc_column_text][vc_text_separator title=&#8220;Escaliers int\u00e9rieurs&#8220; title_align=&#8220;separator_align_center&#8220; color=&#8220;grey&#8220; style=&#8220;double&#8220;][vc_column_text]Exemples de r\u00e9alisations :[\/vc_column_text][vc_row_inner][vc_column_inner width=&#8220;1\/4&#8243;][vc_single_image image=&#8220;397&#8243; border_color=&#8220;grey&#8220; img_link_large=&#8220;yes&#8220; img_link_target=&#8220;_self&#8220; img_size=&#8220;194&#215;194&#8243;][vc_column_text]Escalier double-quart tournant[\/vc_column_text][\/vc_column_inner][vc_column_inner width=&#8220;1\/4&#8243;][vc_single_image image=&#8220;525&#8243; border_color=&#8220;grey&#8220; img_link_large=&#8220;yes&#8220; img_link_target=&#8220;_self&#8220; img_size=&#8220;194&#215;194&#8243;][\/vc_column_inner][vc_column_inner width=&#8220;1\/4&#8243;][vc_single_image image=&#8220;400&#8243; border_color=&#8220;grey&#8220; img_link_large=&#8220;yes&#8220; img_link_target=&#8220;_self&#8220; img_size=&#8220;194&#215;194&#8243;][vc_column_text]Nombreuses finitions disponibles[\/vc_column_text][\/vc_column_inner][vc_column_inner width=&#8220;1\/4&#8243;][vc_single_image image=&#8220;401&#8243; border_color=&#8220;grey&#8220; img_link_large=&#8220;yes&#8220; img_link_target=&#8220;_self&#8220; img_size=&#8220;194&#215;194&#8243;][\/vc_column_inner][\/vc_row_inner][vc_row_inner][vc_column_inner width=&#8220;1\/4&#8243;][vc_single_image image=&#8220;402&#8243; border_color=&#8220;grey&#8220; img_link_large=&#8220;yes&#8220; img_link_target=&#8220;_self&#8220; img_size=&#8220;194&#215;194&#8243;][\/vc_column_inner][vc_column_inner width=&#8220;1\/4&#8243;][vc_single_image image=&#8220;404&#8243; border_color=&#8220;grey&#8220; img_link_large=&#8220;yes&#8220; img_link_target=&#8220;_self&#8220; img_size=&#8220;194&#215;194&#8243;][\/vc_column_inner][vc_column_inner width=&#8220;1\/4&#8243;][vc_single_image image=&#8220;407&#8243; border_color=&#8220;grey&#8220; img_link_large=&#8220;yes&#8220; img_link_target=&#8220;_self&#8220; img_size=&#8220;194&#215;194&#8243;][vc_column_text]Escalier adapt\u00e9 aux espaces restreints[\/vc_column_text][\/vc_column_inner][vc_column_inner width=&#8220;1\/4&#8243;][vc_single_image image=&#8220;408&#8243; border_color=&#8220;grey&#8220; img_link_large=&#8220;yes&#8220; img_link_target=&#8220;_self&#8220; img_size=&#8220;194&#215;194&#8243;][vc_column_text]Garde-corps sur mesure[\/vc_column_text][\/vc_column_inner][\/vc_row_inner][vc_row_inner][vc_column_inner width=&#8220;1\/4&#8243;][vc_single_image image=&#8220;523&#8243; border_color=&#8220;grey&#8220; img_link_large=&#8220;yes&#8220; img_link_target=&#8220;_self&#8220; img_size=&#8220;194&#215;194&#8243;][\/vc_column_inner][vc_column_inner width=&#8220;1\/4&#8243;][vc_single_image image=&#8220;521&#8243; border_color=&#8220;grey&#8220; img_link_large=&#8220;yes&#8220; img_link_target=&#8220;_self&#8220; img_size=&#8220;194&#215;194&#8243;][\/vc_column_inner][vc_column_inner width=&#8220;1\/4&#8243;][vc_single_image image=&#8220;522&#8243; border_color=&#8220;grey&#8220; img_link_large=&#8220;yes&#8220; img_link_target=&#8220;_self&#8220; img_size=&#8220;194&#215;194&#8243;][\/vc_column_inner][vc_column_inner width=&#8220;1\/4&#8243;][vc_single_image image=&#8220;524&#8243; border_color=&#8220;grey&#8220; img_link_large=&#8220;yes&#8220; img_link_target=&#8220;_self&#8220; img_size=&#8220;194&#215;194&#8243;][\/vc_column_inner][\/vc_row_inner][vc_row_inner][vc_column_inner width=&#8220;1\/4&#8243;][vc_single_image image=&#8220;520&#8243; border_color=&#8220;grey&#8220; img_link_large=&#8220;yes&#8220; img_link_target=&#8220;_self&#8220; img_size=&#8220;194&#215;194&#8243;][vc_column_text]Escalier\u00a0h\u00e9lico\u00efdal en cours de montage[\/vc_column_text][\/vc_column_inner][vc_column_inner width=&#8220;1\/4&#8243;][\/vc_column_inner][vc_column_inner width=&#8220;1\/4&#8243;][\/vc_column_inner][vc_column_inner width=&#8220;1\/4&#8243;][\/vc_column_inner][\/vc_row_inner][vc_text_separator title=&#8220;Escaliers ext\u00e9rieurs bois ou m\u00e9tal&#8220; title_align=&#8220;separator_align_center&#8220; color=&#8220;grey&#8220; style=&#8220;double&#8220;][vc_column_text]Exemples de r\u00e9alisations :[\/vc_column_text][vc_row_inner][vc_column_inner width=&#8220;1\/4&#8243;][vc_single_image image=&#8220;398&#8243; border_color=&#8220;grey&#8220; img_link_large=&#8220;yes&#8220; img_link_target=&#8220;_self&#8220; img_size=&#8220;194&#215;194&#8243;][\/vc_column_inner][vc_column_inner width=&#8220;1\/4&#8243;][vc_single_image image=&#8220;406&#8243; border_color=&#8220;grey&#8220; img_link_large=&#8220;yes&#8220; img_link_target=&#8220;_self&#8220; img_size=&#8220;194&#215;194&#8243;][\/vc_column_inner][vc_column_inner width=&#8220;1\/4&#8243;][vc_single_image image=&#8220;405&#8243; border_color=&#8220;grey&#8220; img_link_large=&#8220;yes&#8220; img_link_target=&#8220;_self&#8220; img_size=&#8220;194&#215;194&#8243;][\/vc_column_inner][vc_column_inner width=&#8220;1\/4&#8243;][vc_single_image image=&#8220;403&#8243; border_color=&#8220;grey&#8220; img_link_large=&#8220;yes&#8220; img_link_target=&#8220;_self&#8220; img_size=&#8220;194&#215;194&#8243;][vc_column_text]Escalier \u00e0 hauteur de marche adapt\u00e9e pour les personnes \u00e0 mobilit\u00e9 r\u00e9duite[\/vc_column_text][\/vc_column_inner][\/vc_row_inner][\/vc_column][\/vc_row]<\/p>\n","protected":false},"author":1,"featured_media":0,"parent":123,"menu_order":0,"comment_status":"closed","ping_status":"open","template":"","meta":{"footnotes":""},"_links":{"self":[{"href":"https:\/\/www.adapt-ck.fr\/de\/wp-json\/wp\/v2\/pages\/367"}],"collection":[{"href":"https:\/\/www.adapt-ck.fr\/de\/wp-json\/wp\/v2\/pages"}],"about":[{"href":"https:\/\/www.adapt-ck.fr\/de\/wp-json\/wp\/v2\/types\/page"}],"author":[{"embeddable":true,"href":"https:\/\/www.adapt-ck.fr\/de\/wp-json\/wp\/v2\/users\/1"}],"replies":[{"embeddable":true,"href":"https:\/\/www.adapt-ck.fr\/de\/wp-json\/wp\/v2\/comments?post=367"}],"version-history":[{"count":5,"href":"https:\/\/www.adapt-ck.fr\/de\/wp-json\/wp\/v2\/pages\/367\/revisions"}],"predecessor-version":[{"id":545,"href":"https:\/\/www.adapt-ck.fr\/de\/wp-json\/wp\/v2\/pages\/367\/revisions\/545"}],"up":[{"embeddable":true,"href":"https:\/\/www.adapt-ck.fr\/de\/wp-json\/wp\/v2\/pages\/123"}],"wp:attachment":[{"href":"https:\/\/www.adapt-ck.fr\/de\/wp-json\/wp\/v2\/media?parent=367"}],"curies":[{"name":"wp","href":"https:\/\/api.w.org\/{rel}","templated":true}]}}