{"id":278,"date":"2015-03-26T18:07:33","date_gmt":"2015-03-26T17:07:33","guid":{"rendered":"http:\/\/www.adapt-ck.fr\/-2\/?page_id=278"},"modified":"2015-04-24T17:29:39","modified_gmt":"2015-04-24T16:29:39","slug":"mise-aux-normes-des-e-r-p","status":"publish","type":"page","link":"https:\/\/www.adapt-ck.fr\/de\/catalogue\/mise-aux-normes-des-e-r-p\/","title":{"rendered":"Mise aux normes des E.R.P."},"content":{"rendered":"<p>[vc_row][vc_column width=&#8220;1\/1&#8243;][vc_single_image image=&#8220;328&#8243; border_color=&#8220;grey&#8220; img_link_target=&#8220;_self&#8220; img_size=&#8220;full&#8220; img_link_large=&#8220;yes&#8220;][\/vc_column][\/vc_row][vc_row][vc_column width=&#8220;1\/1&#8243;][vc_column_text]ADAPT-CK apporte des solutions adapt\u00e9es et pratiques de s\u00e9curisation de l\u2019environnement quotidien ext\u00e9rieur et int\u00e9rieur dans le respect des normes et r\u00e9glementations en vigueur.[\/vc_column_text][vc_text_separator title=&#8220;S\u00e9curisation des escaliers&#8220; title_align=&#8220;separator_align_center&#8220; color=&#8220;grey&#8220; style=&#8220;double&#8220;][vc_column_text]Exemples de r\u00e9alisations :[\/vc_column_text][vc_row_inner css=&#8220;.vc_custom_1427904487894{margin-top: -10px !important;}&#8220;][vc_column_inner width=&#8220;1\/4&#8243;][vc_single_image image=&#8220;320&#8243; border_color=&#8220;grey&#8220; img_link_large=&#8220;yes&#8220; img_link_target=&#8220;_self&#8220; img_size=&#8220;194&#215;194&#8243;][\/vc_column_inner][vc_column_inner width=&#8220;1\/4&#8243;][vc_single_image image=&#8220;321&#8243; border_color=&#8220;grey&#8220; img_link_large=&#8220;yes&#8220; img_link_target=&#8220;_self&#8220; img_size=&#8220;194&#215;194&#8243;][\/vc_column_inner][vc_column_inner width=&#8220;1\/4&#8243;][vc_single_image image=&#8220;322&#8243; border_color=&#8220;grey&#8220; img_link_large=&#8220;yes&#8220; img_link_target=&#8220;_self&#8220; img_size=&#8220;194&#215;194&#8243;][\/vc_column_inner][vc_column_inner width=&#8220;1\/4&#8243;][vc_single_image image=&#8220;323&#8243; border_color=&#8220;grey&#8220; img_link_large=&#8220;yes&#8220; img_link_target=&#8220;_self&#8220; img_size=&#8220;194&#215;194&#8243;][\/vc_column_inner][\/vc_row_inner][vc_text_separator title=&#8220;Signalisation et guidage&#8220; title_align=&#8220;separator_align_center&#8220; color=&#8220;grey&#8220; style=&#8220;double&#8220;][vc_column_text]Exemples de r\u00e9alisations :[\/vc_column_text][vc_row_inner css=&#8220;.vc_custom_1427904487894{margin-top: -10px !important;}&#8220;][vc_column_inner width=&#8220;1\/4&#8243;][vc_single_image image=&#8220;325&#8243; border_color=&#8220;grey&#8220; img_link_large=&#8220;yes&#8220; img_link_target=&#8220;_self&#8220; img_size=&#8220;194&#215;194&#8243;][vc_column_text]Pose de signalisation, cr\u00e9ation d\u2019emplacements PMR et de passages pi\u00e9tons[\/vc_column_text][\/vc_column_inner][vc_column_inner width=&#8220;1\/4&#8243;][vc_single_image image=&#8220;326&#8243; border_color=&#8220;grey&#8220; img_link_large=&#8220;yes&#8220; img_link_target=&#8220;_self&#8220; img_size=&#8220;194&#215;194&#8243;][vc_column_text]Cr\u00e9ation de cheminements visuels et tactiles[\/vc_column_text][\/vc_column_inner][vc_column_inner width=&#8220;1\/4&#8243;][vc_single_image image=&#8220;324&#8243; border_color=&#8220;grey&#8220; img_link_large=&#8220;yes&#8220; img_link_target=&#8220;_self&#8220; img_size=&#8220;194&#215;194&#8243;][vc_column_text]Mise en place de bandes d\u2019\u00e9veil \u00e0 la vigilance[\/vc_column_text][\/vc_column_inner][vc_column_inner width=&#8220;1\/4&#8243;][vc_single_image image=&#8220;327&#8243; border_color=&#8220;grey&#8220; img_link_large=&#8220;yes&#8220; img_link_target=&#8220;_self&#8220; img_size=&#8220;194&#215;194&#8243;][vc_column_text]Pose de bandes de guidage[\/vc_column_text][\/vc_column_inner][\/vc_row_inner][vc_text_separator title=&#8220;Protection des murs et des portes&#8220; title_align=&#8220;separator_align_center&#8220; color=&#8220;grey&#8220; style=&#8220;double&#8220;][vc_column_text css=&#8220;.vc_custom_1429873494807{padding-top: 10px !important;}&#8220;]Adapt-CK propose un grand de solutions de protections de portes et de murs :[\/vc_column_text][vc_row_inner css=&#8220;.vc_custom_1429873473265{padding-top: 10px !important;}&#8220;][vc_column_inner width=&#8220;1\/3&#8243;][vc_column_text]<\/p>\n<ul class=\"icons-ul\" style=\"margin-left: 0; margin-top: -10px;\">\n<li><i class=\"icon-li icon-ok\"><\/i>Protection murale<\/li>\n<li><i class=\"icon-li icon-ok\"><\/i>Protection d\u2019angles<\/li>\n<li><i class=\"icon-li icon-ok\"><\/i>Mains courantes<\/li>\n<\/ul>\n<p>[\/vc_column_text][\/vc_column_inner][vc_column_inner width=&#8220;1\/3&#8243;][vc_column_text]<\/p>\n<ul class=\"icons-ul\" style=\"margin-left: 0; margin-top: -10px;\">\n<li><i class=\"icon-li icon-ok\"><\/i>Protection de portes<\/li>\n<li><i class=\"icon-li icon-ok\"><\/i>Porte coupe-feu<\/li>\n<li><i class=\"icon-li icon-ok\"><\/i>Porte pali\u00e8re phonique<\/li>\n<\/ul>\n<p>[\/vc_column_text][\/vc_column_inner][vc_column_inner width=&#8220;1\/3&#8243;][vc_column_text]<\/p>\n<ul class=\"icons-ul\" style=\"margin-left: 0; margin-top: -10px;\">\n<li><i class=\"icon-li icon-ok\"><\/i>Syst\u00e8me anti pince-doigts<\/li>\n<li><i class=\"icon-li icon-ok\"><\/i>Ferme-porte<\/li>\n<li><i class=\"icon-li icon-ok\"><\/i>Barre anti-panique<\/li>\n<\/ul>\n<p>[\/vc_column_text][\/vc_column_inner][\/vc_row_inner][vc_column_text]Exemples de r\u00e9alisations :[\/vc_column_text][vc_row_inner][vc_column_inner width=&#8220;1\/4&#8243;][vc_single_image image=&#8220;351&#8243; alignment=&#8220;center&#8220; border_color=&#8220;grey&#8220; img_link_large=&#8220;yes&#8220; img_link_target=&#8220;_self&#8220; img_size=&#8220;194&#215;194&#8243;][\/vc_column_inner][vc_column_inner width=&#8220;1\/4&#8243;][vc_single_image image=&#8220;353&#8243; alignment=&#8220;center&#8220; border_color=&#8220;grey&#8220; img_link_large=&#8220;yes&#8220; img_link_target=&#8220;_self&#8220; img_size=&#8220;194&#215;194&#8243;][\/vc_column_inner][vc_column_inner width=&#8220;1\/4&#8243;][vc_single_image image=&#8220;352&#8243; alignment=&#8220;center&#8220; border_color=&#8220;grey&#8220; img_link_large=&#8220;yes&#8220; img_link_target=&#8220;_self&#8220; img_size=&#8220;194&#215;194&#8243;][\/vc_column_inner][vc_column_inner width=&#8220;1\/4&#8243;][vc_single_image image=&#8220;354&#8243; alignment=&#8220;center&#8220; border_color=&#8220;grey&#8220; img_link_large=&#8220;yes&#8220; img_link_target=&#8220;_self&#8220; img_size=&#8220;194&#215;194&#8243;][\/vc_column_inner][\/vc_row_inner][vc_row_inner][vc_column_inner width=&#8220;1\/4&#8243;][vc_single_image image=&#8220;356&#8243; alignment=&#8220;center&#8220; border_color=&#8220;grey&#8220; img_link_large=&#8220;yes&#8220; img_link_target=&#8220;_self&#8220; img_size=&#8220;194&#215;194&#8243;][\/vc_column_inner][vc_column_inner width=&#8220;1\/4&#8243;][\/vc_column_inner][vc_column_inner width=&#8220;1\/4&#8243;][\/vc_column_inner][vc_column_inner width=&#8220;1\/4&#8243;][\/vc_column_inner][\/vc_row_inner][\/vc_column][\/vc_row]<\/p>\n","protected":false},"excerpt":{"rendered":"<p>[vc_row][vc_column width=&#8220;1\/1&#8243;][vc_single_image image=&#8220;328&#8243; border_color=&#8220;grey&#8220; img_link_target=&#8220;_self&#8220; img_size=&#8220;full&#8220; img_link_large=&#8220;yes&#8220;][\/vc_column][\/vc_row][vc_row][vc_column width=&#8220;1\/1&#8243;][vc_column_text]ADAPT-CK apporte des solutions adapt\u00e9es et pratiques de s\u00e9curisation de l\u2019environnement quotidien ext\u00e9rieur et int\u00e9rieur dans le respect des normes et r\u00e9glementations en vigueur.[\/vc_column_text][vc_text_separator title=&#8220;S\u00e9curisation des escaliers&#8220; title_align=&#8220;separator_align_center&#8220; color=&#8220;grey&#8220; style=&#8220;double&#8220;][vc_column_text]Exemples de r\u00e9alisations :[\/vc_column_text][vc_row_inner css=&#8220;.vc_custom_1427904487894{margin-top: -10px !important;}&#8220;][vc_column_inner width=&#8220;1\/4&#8243;][vc_single_image image=&#8220;320&#8243; border_color=&#8220;grey&#8220; img_link_large=&#8220;yes&#8220; img_link_target=&#8220;_self&#8220; img_size=&#8220;194&#215;194&#8243;][\/vc_column_inner][vc_column_inner width=&#8220;1\/4&#8243;][vc_single_image image=&#8220;321&#8243; border_color=&#8220;grey&#8220; img_link_large=&#8220;yes&#8220; img_link_target=&#8220;_self&#8220; img_size=&#8220;194&#215;194&#8243;][\/vc_column_inner][vc_column_inner width=&#8220;1\/4&#8243;][vc_single_image image=&#8220;322&#8243; border_color=&#8220;grey&#8220; img_link_large=&#8220;yes&#8220; img_link_target=&#8220;_self&#8220; img_size=&#8220;194&#215;194&#8243;][\/vc_column_inner][vc_column_inner width=&#8220;1\/4&#8243;][vc_single_image image=&#8220;323&#8243; border_color=&#8220;grey&#8220; img_link_large=&#8220;yes&#8220; img_link_target=&#8220;_self&#8220; img_size=&#8220;194&#215;194&#8243;][\/vc_column_inner][\/vc_row_inner][vc_text_separator title=&#8220;Signalisation et guidage&#8220; title_align=&#8220;separator_align_center&#8220; color=&#8220;grey&#8220; style=&#8220;double&#8220;][vc_column_text]Exemples de r\u00e9alisations :[\/vc_column_text][vc_row_inner css=&#8220;.vc_custom_1427904487894{margin-top: -10px !important;}&#8220;][vc_column_inner width=&#8220;1\/4&#8243;][vc_single_image image=&#8220;325&#8243; border_color=&#8220;grey&#8220; img_link_large=&#8220;yes&#8220; img_link_target=&#8220;_self&#8220; img_size=&#8220;194&#215;194&#8243;][vc_column_text]Pose de signalisation, cr\u00e9ation d\u2019emplacements PMR et de passages pi\u00e9tons[\/vc_column_text][\/vc_column_inner][vc_column_inner width=&#8220;1\/4&#8243;][vc_single_image image=&#8220;326&#8243; border_color=&#8220;grey&#8220; img_link_large=&#8220;yes&#8220; img_link_target=&#8220;_self&#8220; img_size=&#8220;194&#215;194&#8243;][vc_column_text]Cr\u00e9ation de cheminements visuels et tactiles[\/vc_column_text][\/vc_column_inner][vc_column_inner width=&#8220;1\/4&#8243;][vc_single_image image=&#8220;324&#8243; border_color=&#8220;grey&#8220; img_link_large=&#8220;yes&#8220; img_link_target=&#8220;_self&#8220; img_size=&#8220;194&#215;194&#8243;][vc_column_text]Mise en place de bandes d\u2019\u00e9veil \u00e0 la vigilance[\/vc_column_text][\/vc_column_inner][vc_column_inner width=&#8220;1\/4&#8243;][vc_single_image image=&#8220;327&#8243; border_color=&#8220;grey&#8220; img_link_large=&#8220;yes&#8220; img_link_target=&#8220;_self&#8220; img_size=&#8220;194&#215;194&#8243;][vc_column_text]Pose de bandes de guidage[\/vc_column_text][\/vc_column_inner][\/vc_row_inner][vc_text_separator title=&#8220;Protection des murs et des portes&#8220; title_align=&#8220;separator_align_center&#8220; color=&#8220;grey&#8220; style=&#8220;double&#8220;][vc_column_text css=&#8220;.vc_custom_1429873494807{padding-top: 10px !important;}&#8220;]Adapt-CK propose un grand de solutions de protections de portes et de murs :[\/vc_column_text][vc_row_inner css=&#8220;.vc_custom_1429873473265{padding-top: 10px !important;}&#8220;][vc_column_inner width=&#8220;1\/3&#8243;][vc_column_text] Protection murale Protection d\u2019angles Mains courantes [\/vc_column_text][\/vc_column_inner][vc_column_inner width=&#8220;1\/3&#8243;][vc_column_text] Protection de portes Porte coupe-feu Porte pali\u00e8re phonique [\/vc_column_text][\/vc_column_inner][vc_column_inner width=&#8220;1\/3&#8243;][vc_column_text] Syst\u00e8me anti pince-doigts Ferme-porte Barre anti-panique [\/vc_column_text][\/vc_column_inner][\/vc_row_inner][vc_column_text]Exemples de r\u00e9alisations :[\/vc_column_text][vc_row_inner][vc_column_inner width=&#8220;1\/4&#8243;][vc_single_image image=&#8220;351&#8243; alignment=&#8220;center&#8220; border_color=&#8220;grey&#8220; img_link_large=&#8220;yes&#8220; img_link_target=&#8220;_self&#8220; img_size=&#8220;194&#215;194&#8243;][\/vc_column_inner][vc_column_inner width=&#8220;1\/4&#8243;][vc_single_image image=&#8220;353&#8243; alignment=&#8220;center&#8220; border_color=&#8220;grey&#8220; img_link_large=&#8220;yes&#8220; img_link_target=&#8220;_self&#8220; img_size=&#8220;194&#215;194&#8243;][\/vc_column_inner][vc_column_inner width=&#8220;1\/4&#8243;][vc_single_image image=&#8220;352&#8243; alignment=&#8220;center&#8220; border_color=&#8220;grey&#8220; img_link_large=&#8220;yes&#8220; img_link_target=&#8220;_self&#8220; img_size=&#8220;194&#215;194&#8243;][\/vc_column_inner][vc_column_inner width=&#8220;1\/4&#8243;][vc_single_image image=&#8220;354&#8243; alignment=&#8220;center&#8220; border_color=&#8220;grey&#8220; img_link_large=&#8220;yes&#8220; img_link_target=&#8220;_self&#8220; img_size=&#8220;194&#215;194&#8243;][\/vc_column_inner][\/vc_row_inner][vc_row_inner][vc_column_inner width=&#8220;1\/4&#8243;][vc_single_image image=&#8220;356&#8243; alignment=&#8220;center&#8220; border_color=&#8220;grey&#8220; img_link_large=&#8220;yes&#8220; img_link_target=&#8220;_self&#8220; img_size=&#8220;194&#215;194&#8243;][\/vc_column_inner][vc_column_inner width=&#8220;1\/4&#8243;][\/vc_column_inner][vc_column_inner width=&#8220;1\/4&#8243;][\/vc_column_inner][vc_column_inner width=&#8220;1\/4&#8243;][\/vc_column_inner][\/vc_row_inner][\/vc_column][\/vc_row]<\/p>\n","protected":false},"author":1,"featured_media":0,"parent":123,"menu_order":0,"comment_status":"closed","ping_status":"open","template":"","meta":{"footnotes":""},"_links":{"self":[{"href":"https:\/\/www.adapt-ck.fr\/de\/wp-json\/wp\/v2\/pages\/278"}],"collection":[{"href":"https:\/\/www.adapt-ck.fr\/de\/wp-json\/wp\/v2\/pages"}],"about":[{"href":"https:\/\/www.adapt-ck.fr\/de\/wp-json\/wp\/v2\/types\/page"}],"author":[{"embeddable":true,"href":"https:\/\/www.adapt-ck.fr\/de\/wp-json\/wp\/v2\/users\/1"}],"replies":[{"embeddable":true,"href":"https:\/\/www.adapt-ck.fr\/de\/wp-json\/wp\/v2\/comments?post=278"}],"version-history":[{"count":5,"href":"https:\/\/www.adapt-ck.fr\/de\/wp-json\/wp\/v2\/pages\/278\/revisions"}],"predecessor-version":[{"id":543,"href":"https:\/\/www.adapt-ck.fr\/de\/wp-json\/wp\/v2\/pages\/278\/revisions\/543"}],"up":[{"embeddable":true,"href":"https:\/\/www.adapt-ck.fr\/de\/wp-json\/wp\/v2\/pages\/123"}],"wp:attachment":[{"href":"https:\/\/www.adapt-ck.fr\/de\/wp-json\/wp\/v2\/media?parent=278"}],"curies":[{"name":"wp","href":"https:\/\/api.w.org\/{rel}","templated":true}]}}