{"id":126,"date":"2015-03-05T14:33:02","date_gmt":"2015-03-05T13:33:02","guid":{"rendered":"http:\/\/www.adapt-ck.fr\/-2\/?page_id=126"},"modified":"2015-04-28T13:25:43","modified_gmt":"2015-04-28T12:25:43","slug":"contactez-nous","status":"publish","type":"page","link":"https:\/\/www.adapt-ck.fr\/de\/contactez-nous\/","title":{"rendered":"Contactez-nous"},"content":{"rendered":"<p>[vc_row css=&#8220;.vc_custom_1430223358505{background-image: url(http:\/\/www.adapt-ck.fr\/wp-content\/uploads\/sites\/3\/2015\/04\/hetre_bkgd.jpg?id=506) !important;}&#8220; inertia=&#8220;0.9&#8243; bg_parallax=&#8220;true&#8220;][vc_column width=&#8220;1\/1&#8243;][vc_raw_html]JTNDYnIlM0UlMEElM0NiciUzRSUwQSUzQ2RpdiUyMHN0eWxlJTNEJTIydGV4dC1hbGlnbiUzQSUyMGNlbnRlciUzQiUyMiUzRSUwQSUzQ2gxJTIwc3R5bGUlM0QlMjJtYXJnaW4tdG9wJTNBJTIwMCUzQiUyMGZvbnQtc2l6ZSUzQSUyMDQ4cHglMjIlM0VOb3VzJTIwY29udGFjdGVyJTNDJTJGaDElM0UlMEElM0NwJTIwc3R5bGUlM0QlMjJmb250LXNpemUlM0ElMjAyMHB4JTNCJTIwY29sb3IlM0ElMjAlMjNmZmZmZmYlM0IlMjIlM0VWb3VzJTIwYXZleiUyMHVuJTIwcHJvamV0JTIwJTNGJTIwQ29udGFjdGV6LW5vdXMlMjB2aXRlJTIwcG91ciUyMHVuZSUyMCVDMyVBOXR1ZGUlMjBwZXJzb25uYWxpcyVDMyVBOWUuJTNDJTJGc3Ryb25nJTNFJTNDJTJGcCUzRSUwQSUzQyUyRmRpdiUzRSUwQSUzQ2JyJTNFJTBBJTNDYnIlM0UlMEElM0NiciUzRSUwQSUzQ2JyJTNF[\/vc_raw_html][\/vc_column][\/vc_row][vc_row inertia=&#8220;0.1&#8243;][vc_column width=&#8220;1\/2&#8243; css=&#8220;.vc_custom_1427304578637{background-color: #dddddd !important;}&#8220;][vc_column_text css=&#8220;.vc_custom_1427304406394{margin-bottom: 15px !important;padding: 20px 0px 15px 20px !important;}&#8220;]\n\t\t<script type=\"text\/javascript\">\n\t\t\tjQuery(document).ready(function($) { \n\t\t\t\t$(\"#form_69e1ff405aea245\").validate({ \n\t\t\t\t\tsubmitHandler: function(form) {\n\t\t\t\t\t\tajaxContact(form);\t\/\/ form is valid, submit it\n\t\t\t\t\t\treturn false;\n\t\t\t\t\t},\n\t\t\t\t\terrorElement: \"em\",\n\t\t\t\t\terrorPlacement: function(error, element) {\n\t\t\t\t\t\terror.appendTo( element.closest(\"div\") );\n\t\t\t\t\t},\n\t\t\t\t\thighlight: function(element, errorClass, validClass) {\n\t\t\t\t\t\t$(element).addClass(errorClass).removeClass(validClass);\n\t\t\t\t\t\t$(element).closest(\".fieldContainer\").addClass(errorClass);\n\t\t\t\t\t},\n\t\t\t\t\tunhighlight: function(element, errorClass, validClass) {\n\t\t\t\t\t\t$(element).removeClass(errorClass).addClass(validClass);\n\t\t\t\t\t\t$(element).closest(\".fieldContainer\").removeClass(errorClass);\n\t\t\t\t\t},\n\t\t\t\t\tmessages: {\"name\" : {required: \"Veuillez remplir les champs requis pour valider le formulaire\"},\"email\" : {required: \"Veuillez remplir les champs requis pour valider le formulaire\"},\"phone\" : {required: \"Veuillez remplir les champs requis pour valider le formulaire\"}}\n\t\t\t\t});\n\t\t\t});\n\t\t<\/script>\n\t\t<div class=\"contactFormWrapper\" style=\"position:relative;\">\n\t\t\t<div class=\"formMessages-top\" style=\"position:absolute;\">\n\t\t\t\t<div class=\"formSuccess\" style=\"display:none;\">Votre message a \u00e9t\u00e9 envoy\u00e9 avec succ\u00e8s. Nous traiterons votre message dans les plus brefs d\u00e9lais.\r\n\r\nCordialement.\r\nAdapt-CK\r\nT\u00e9l. : 06 22 95 02 93<\/div>\n\t\t\t<\/div>\n\t\t\t<form class=\"cmxform publicContactForm\" id=\"form_69e1ff405aea245\" method=\"post\">\n\t\t\t\t<fieldset><legend>Contact Form<\/legend><div class=\"fieldContainer field_type_text\"><label for=\"name_69e1ff405aea245\" class=\"formTitle hidden\">Nom<\/label><input type=\"text\" id=\"name_69e1ff405aea245\" name=\"name\" class=\"formField textInput required\" placeholder=\"Nom\" style=\"\"   ><div class=\"formCaption\"><\/div><\/div><div class=\"fieldContainer field_type_text\"><label for=\"firstname_69e1ff405aea245\" class=\"formTitle hidden\">Pr\u00e9nom<\/label><input type=\"text\" id=\"firstname_69e1ff405aea245\" name=\"firstname\" class=\"formField textInput\" placeholder=\"Pr\u00e9nom\" style=\"\"   ><div class=\"formCaption\"><\/div><\/div><div class=\"fieldContainer field_type_text\"><label for=\"email_69e1ff405aea245\" class=\"formTitle hidden\">E-mail<\/label><input type=\"text\" id=\"email_69e1ff405aea245\" name=\"email\" class=\"formField textInput required email\" placeholder=\"E-mail\" style=\"\"   ><div class=\"formCaption\"><\/div><\/div><div class=\"fieldContainer field_type_text\"><label for=\"phone_69e1ff405aea245\" class=\"formTitle hidden\">T\u00e9l\u00e9phone<\/label><input type=\"text\" id=\"phone_69e1ff405aea245\" name=\"phone\" class=\"formField textInput required\" placeholder=\"T\u00e9l\u00e9phone\" style=\"\"   ><div class=\"formCaption\"><\/div><\/div><div class=\"fieldContainer field_type_text\"><label for=\"company_69e1ff405aea245\" class=\"formTitle hidden\">Soci\u00e9t\u00e9<\/label><input type=\"text\" id=\"company_69e1ff405aea245\" name=\"company\" class=\"formField textInput\" placeholder=\"Soci\u00e9t\u00e9\" style=\"\"   ><div class=\"formCaption\"><\/div><\/div><div class=\"fieldContainer field_type_text\"><label for=\"address_69e1ff405aea245\" class=\"formTitle hidden\">Adresse<\/label><input type=\"text\" id=\"address_69e1ff405aea245\" name=\"address\" class=\"formField textInput\" placeholder=\"Adresse\" style=\"\"   ><div class=\"formCaption\"><\/div><\/div><div class=\"fieldContainer field_type_text\"><label for=\"codepost_69e1ff405aea245\" class=\"formTitle hidden\">Code postal<\/label><input type=\"text\" id=\"codepost_69e1ff405aea245\" name=\"codepost\" class=\"formField textInput\" placeholder=\"Code postal\" style=\"\"   ><div class=\"formCaption\"><\/div><\/div><div class=\"fieldContainer field_type_text\"><label for=\"location_69e1ff405aea245\" class=\"formTitle hidden\">Ville<\/label><input type=\"text\" id=\"location_69e1ff405aea245\" name=\"location\" class=\"formField textInput\" placeholder=\"Ville\" style=\"\"   ><div class=\"formCaption\"><\/div><\/div><div class=\"fieldContainer field_type_textarea\"><label for=\"message_69e1ff405aea245\" class=\"formTitle hidden\">Message<\/label><textarea id=\"message_69e1ff405aea245\" name=\"message\" class=\"formField textInput\" placeholder=\"Message\" style=\"\"  ><\/textarea><div class=\"formCaption\"><\/div><\/div>\n\t\t\t\t\t<div class=\"contactFormBottom\">\n\t\t\t\t\t\t<button type=\"submit\" class=\"formSubmit\">Envoyer<\/button>\n\t\t\t\t\t\t<span class=\"sending invisible\"><img loading=\"lazy\" decoding=\"async\" src=\"https:\/\/www.adapt-ck.fr\/de\/wp-content\/themes\/parallelus-incentive\/extensions\/contact-fields\/images\/ajax-loader.gif\" width=\"24\" height=\"24\" alt=\"Loading...\" class=\"sendingImg\" style=\"display:none;\"><\/span>\n\t\t\t\t\t\t\n\t\t\t\t\t\t<input class=\"\" type=\"hidden\" name=\"mail_action\" value=\"send\" \/>\n\t\t\t\t\t<\/div>\n\t\t\t\t<\/fieldset>\n\t\t\t<\/form>\n\t\t\t<div class=\"formMessages-bottom\">\n\t\t\t\t<div class=\"formError\" style=\"display:none;\"><\/div>\n\t\t\t<\/div>\n\t\t<\/div>[\/vc_column_text][\/vc_column][vc_column width=&#8220;1\/2&#8243;][vc_column_text]<\/p>\n<div style=\"text-align: center;\">\n<p style=\"font-size: 18px;\">ADAPT-CK<br \/>\n18 rue des Hirondelles | F-67840 KILSTETT<br \/>\nT\u00e9l. <strong>+33.(0)6.22.95.02.93<\/strong><\/p>\n<\/div>\n<p>[\/vc_column_text][vc_single_image image=&#8220;563&#8243; border_color=&#8220;grey&#8220; img_link_large=&#8220;yes&#8220; img_link_target=&#8220;_self&#8220; img_size=&#8220;563&#215;580&#8243;][\/vc_column][\/vc_row]<\/p>\n","protected":false},"excerpt":{"rendered":"<p>[vc_row css=&#8220;.vc_custom_1430223358505{background-image: url(http:\/\/www.adapt-ck.fr\/wp-content\/uploads\/sites\/3\/2015\/04\/hetre_bkgd.jpg?id=506) !important;}&#8220; inertia=&#8220;0.9&#8243; bg_parallax=&#8220;true&#8220;][vc_column width=&#8220;1\/1&#8243;][vc_raw_html]JTNDYnIlM0UlMEElM0NiciUzRSUwQSUzQ2RpdiUyMHN0eWxlJTNEJTIydGV4dC1hbGlnbiUzQSUyMGNlbnRlciUzQiUyMiUzRSUwQSUzQ2gxJTIwc3R5bGUlM0QlMjJtYXJnaW4tdG9wJTNBJTIwMCUzQiUyMGZvbnQtc2l6ZSUzQSUyMDQ4cHglMjIlM0VOb3VzJTIwY29udGFjdGVyJTNDJTJGaDElM0UlMEElM0NwJTIwc3R5bGUlM0QlMjJmb250LXNpemUlM0ElMjAyMHB4JTNCJTIwY29sb3IlM0ElMjAlMjNmZmZmZmYlM0IlMjIlM0VWb3VzJTIwYXZleiUyMHVuJTIwcHJvamV0JTIwJTNGJTIwQ29udGFjdGV6LW5vdXMlMjB2aXRlJTIwcG91ciUyMHVuZSUyMCVDMyVBOXR1ZGUlMjBwZXJzb25uYWxpcyVDMyVBOWUuJTNDJTJGc3Ryb25nJTNFJTNDJTJGcCUzRSUwQSUzQyUyRmRpdiUzRSUwQSUzQ2JyJTNFJTBBJTNDYnIlM0UlMEElM0NiciUzRSUwQSUzQ2JyJTNF[\/vc_raw_html][\/vc_column][\/vc_row][vc_row inertia=&#8220;0.1&#8243;][vc_column width=&#8220;1\/2&#8243; css=&#8220;.vc_custom_1427304578637{background-color: #dddddd !important;}&#8220;][vc_column_text css=&#8220;.vc_custom_1427304406394{margin-bottom: 15px !important;padding: 20px 0px 15px 20px !important;}&#8220;][\/vc_column_text][\/vc_column][vc_column width=&#8220;1\/2&#8243;][vc_column_text] ADAPT-CK 18 rue des Hirondelles | F-67840 KILSTETT T\u00e9l. +33.(0)6.22.95.02.93 [\/vc_column_text][vc_single_image image=&#8220;563&#8243; border_color=&#8220;grey&#8220; img_link_large=&#8220;yes&#8220; img_link_target=&#8220;_self&#8220; img_size=&#8220;563&#215;580&#8243;][\/vc_column][\/vc_row]<\/p>\n","protected":false},"author":1,"featured_media":0,"parent":0,"menu_order":0,"comment_status":"closed","ping_status":"open","template":"","meta":{"footnotes":""},"_links":{"self":[{"href":"https:\/\/www.adapt-ck.fr\/de\/wp-json\/wp\/v2\/pages\/126"}],"collection":[{"href":"https:\/\/www.adapt-ck.fr\/de\/wp-json\/wp\/v2\/pages"}],"about":[{"href":"https:\/\/www.adapt-ck.fr\/de\/wp-json\/wp\/v2\/types\/page"}],"author":[{"embeddable":true,"href":"https:\/\/www.adapt-ck.fr\/de\/wp-json\/wp\/v2\/users\/1"}],"replies":[{"embeddable":true,"href":"https:\/\/www.adapt-ck.fr\/de\/wp-json\/wp\/v2\/comments?post=126"}],"version-history":[{"count":5,"href":"https:\/\/www.adapt-ck.fr\/de\/wp-json\/wp\/v2\/pages\/126\/revisions"}],"predecessor-version":[{"id":565,"href":"https:\/\/www.adapt-ck.fr\/de\/wp-json\/wp\/v2\/pages\/126\/revisions\/565"}],"wp:attachment":[{"href":"https:\/\/www.adapt-ck.fr\/de\/wp-json\/wp\/v2\/media?parent=126"}],"curies":[{"name":"wp","href":"https:\/\/api.w.org\/{rel}","templated":true}]}}