{"id":121,"date":"2015-03-05T14:16:36","date_gmt":"2015-03-05T13:16:36","guid":{"rendered":"http:\/\/www.adapt-ck.fr\/-2\/?page_id=121"},"modified":"2015-04-28T13:14:17","modified_gmt":"2015-04-28T12:14:17","slug":"qui-sommes-nous","status":"publish","type":"page","link":"https:\/\/www.adapt-ck.fr\/de\/qui-sommes-nous\/","title":{"rendered":"Qui sommes-nous"},"content":{"rendered":"<p>[vc_row css=&#8220;.vc_custom_1430223250612{background-image: url(http:\/\/www.adapt-ck.fr\/wp-content\/uploads\/sites\/3\/2015\/04\/hetre_bkgd.jpg?id=506) !important;}&#8220; bg_parallax=&#8220;true&#8220; inertia=&#8220;0.5&#8243;][vc_column width=&#8220;1\/1&#8243;][vc_raw_html]JTNDYnIlM0UlMEElM0NiciUzRSUwQSUzQ2RpdiUyMHN0eWxlJTNEJTIydGV4dC1hbGlnbiUzQSUyMGNlbnRlciUzQiUyMiUzRSUwQSUzQ2gxJTIwc3R5bGUlM0QlMjJtYXJnaW4tdG9wJTNBJTIwMCUzQiUyMGZvbnQtc2l6ZSUzQSUyMDQ4cHglMjIlM0VEJUMzJUE5Y291dnJleiUyMGxhJTIwc29jaSVDMyVBOXQlQzMlQTklMjBBZGFwdC1DSyUzQyUyRmgxJTNFJTBBJTNDcCUyMHN0eWxlJTNEJTIyZm9udC1zaXplJTNBJTIwMjBweCUzQiUyMGNvbG9yJTNBJTIwJTIzZmZmZmZmJTNCJTIyJTNFU3AlQzMlQTljaWFsaXN0ZSUyMGRlcyUyMGFnZW5jZW1lbnRzJTIwaW50JUMzJUE5cmlldXJzJTIwZXQlMjBleHQlQzMlQTlyaWV1cnMlMjBzdXIlMjBtZXN1cmUlM0MlMkZzdHJvbmclM0UlM0MlMkZwJTNFJTBBJTNDJTJGZGl2JTNFJTBBJTNDYnIlM0UlMEElM0NiciUzRSUwQSUzQ2JyJTNFJTBBJTNDYnIlM0U=[\/vc_raw_html][\/vc_column][\/vc_row][vc_row inertia=&#8220;0.1&#8243;][vc_column width=&#8220;1\/1&#8243;][vc_column_text css=&#8220;.vc_custom_1427218886771{padding-top: 10px !important;padding-bottom: 10px !important;background-color: #2cbf60 !important;}&#8220;]<\/p>\n<div style=\"text-align: center;\">\n<h2 style=\"color: #ffffff;\">Qui sommes-nous ?<\/h2>\n<\/div>\n<p>[\/vc_column_text][\/vc_column][\/vc_row][vc_row][vc_column width=&#8220;2\/3&#8243;][vc_row_inner][vc_column_inner width=&#8220;1\/2&#8243;][vc_single_image image=&#8220;504&#8243; border_color=&#8220;grey&#8220; img_link_target=&#8220;_self&#8220; img_size=&#8220;full&#8220;][\/vc_column_inner][vc_column_inner width=&#8220;1\/2&#8243;][vc_column_text]<\/p>\n<h4 style=\"text-align: justify;\">La soci\u00e9t\u00e9 Adapt-CK<\/h4>\n<p style=\"text-align: justify;\">Implant\u00e9e dans le Nord de l\u2019Alsace, \u00e0 Kilstett, la soci\u00e9t\u00e9 Adapt-CK intervient aussi bien aupr\u00e8s des collectivit\u00e9s, des professionnels (magasins, professions lib\u00e9rales, artisans, &#8230;) que chez les particuliers pour tous travaux d&#8217;agencements int\u00e9rieurs et ext\u00e9rieurs sur mesure.<\/p>\n<p style=\"text-align: justify;\">Son champ d\u2019action s\u2019\u00e9tend principalement sur toute l&#8217;Alsace, la Lorraine et l&#8217;Allemagne notamment sur le secteur de l&#8217;Ortenau.<\/p>\n<p style=\"text-align: justify;\">Le fondateur de la soci\u00e9t\u00e9 Adapt-CK, Christian Klein, b\u00e9n\u00e9ficie d\u2019un savoir-faire et d\u2019une solide exp\u00e9rience dans la menuiserie bois et m\u00e9tal. Ses comp\u00e9tences en mati\u00e8re d&#8217;am\u00e9nagements pour personnes \u00e0 mobilit\u00e9 r\u00e9duite ont \u00e9t\u00e9 reconnues par la certification &#8222;Artisans Accessibles d&#8217;Alsace&#8220; et &#8222;CEP&#8220;.<\/p>\n<p>[\/vc_column_text][\/vc_column_inner][\/vc_row_inner][\/vc_column][vc_column width=&#8220;1\/3&#8243;][vc_column_text]<\/p>\n<h4 style=\"text-align: justify;\">Nos points-forts<\/h4>\n<p>[\/vc_column_text][vc_toggle title=&#8220;Une entreprise proche de ses clients&#8220; open=&#8220;false&#8220;]Nous attachons une grande importance \u00e0 la proximit\u00e9\u00a0et \u00e0 la connaissance des besoins sp\u00e9cifiques de nos clients.[\/vc_toggle][vc_toggle title=&#8220;L&#8217;\u00e9tude personnalis\u00e9e de votre projet&#8220; open=&#8220;false&#8220;]Chaque \u00e9tude est r\u00e9alis\u00e9e par un expert dans les respects des normes et des bonnes pratiques de la profession.[\/vc_toggle][vc_toggle title=&#8220; Des solutions sur mesure et cl\u00e9s en mains&#8220; open=&#8220;false&#8220;]Nous sommes en mesure d&#8217;apporter des r\u00e9ponse adapt\u00e9es \u00e0 chaque besoin, de la conception jusqu&#8217;\u00e0 la livraison finale du chantier.[\/vc_toggle][vc_toggle title=&#8220;Un vaste choix d&#8217;am\u00e9nagements&#8220; open=&#8220;false&#8220;]Escaliers, garde-corps, mains courantes, protections\u00a0pour les murs et les portes, syst\u00e8mes d&#8217;\u00e9l\u00e9vation, rampes, rev\u00eatement de sol, etc,\u00a0nous disposons\u00a0de plusieurs gammes d&#8217;am\u00e9nagements sur mesure pour r\u00e9pondre \u00e0 chacune de vos demandes.[\/vc_toggle][vc_toggle title=&#8220;Une entreprise qualifi\u00e9e et certifi\u00e9e&#8220; open=&#8220;false&#8220;]Gage de comp\u00e9tences et de s\u00e9rieux, nous disposons des qualification AAA (Artisans Accessibles d&#8217;Alsace) et CEP.[\/vc_toggle][vc_toggle title=&#8220;La garantie d\u00e9cennale&#8220; open=&#8220;false&#8220;]La garantie d\u00e9cennale vous garantie une utilisation sereine et p\u00e9renne de vos am\u00e9nagements.[\/vc_toggle][vc_toggle title=&#8220;Les devis gratuits&#8220; open=&#8220;false&#8220;]N&#8217;h\u00e9sitez pas \u00e0 nous solliciter pour tous vos projets d&#8217;am\u00e9nagements int\u00e9rieurs et ext\u00e9rieurs, nos devis sont gratuits.[\/vc_toggle][\/vc_column][\/vc_row][vc_row inertia=&#8220;0.1&#8243;][vc_column width=&#8220;1\/1&#8243;][vc_separator color=&#8220;grey&#8220; style=&#8220;double&#8220;][\/vc_column][\/vc_row][vc_row][vc_column width=&#8220;2\/3&#8243;][vc_row_inner][vc_column_inner width=&#8220;1\/4&#8243;][vc_single_image image=&#8220;114&#8243; border_color=&#8220;grey&#8220; img_link_target=&#8220;_self&#8220; img_size=&#8220;full&#8220; css=&#8220;.vc_custom_1427298527865{margin-right: 10px !important;}&#8220;][\/vc_column_inner][vc_column_inner width=&#8220;3\/4&#8243;][vc_column_text]<\/p>\n<h4 style=\"text-align: justify;\">Le label\u00a0Artisans Accessibles d&#8217;Alsace<\/h4>\n<p>Le label &#8222;Artisans Accessibles d\u2019Alsace&#8220; est attribu\u00e9 aux entreprises artisanales alsaciennes disposant de comp\u00e9tences av\u00e9r\u00e9es dans le domaine de l\u2019accessibilit\u00e9 des b\u00e2timents.[\/vc_column_text][\/vc_column_inner][\/vc_row_inner][vc_row_inner][vc_column_inner width=&#8220;1\/4&#8243;][vc_single_image image=&#8220;115&#8243; border_color=&#8220;grey&#8220; img_link_target=&#8220;_self&#8220; img_size=&#8220;full&#8220;][\/vc_column_inner][vc_column_inner width=&#8220;3\/4&#8243;][vc_column_text]<\/p>\n<h4 style=\"text-align: justify;\">L&#8217;association CEP-CICAT<\/h4>\n<p>Le d\u00e9partement du CEP \u00abAccessibilit\u00e9 et adaptation du logement\u00bb a pour mission de concevoir, assister et conseiller dans les domaines de l\u2019accessibilit\u00e9 des personnes en situation de handicap, de vieillissement ou les professionnels du b\u00e2timent.\u00a0Le CEP c\u2019est aussi un organisme de formation \u00e0 la pr\u00e9vention des risques li\u00e9s aux activit\u00e9s en milieu professionnel et \u00e0 l\u2019accessibilit\u00e9.[\/vc_column_text][\/vc_column_inner][\/vc_row_inner][\/vc_column][vc_column width=&#8220;1\/3&#8243;][vc_column_text]<\/p>\n<h4 style=\"text-align: justify;\">Actualit\u00e9s<\/h4>\n<p>[\/vc_column_text]<div class=\"rotator rotator-columns-1\" data-transition=\"flip\"  data-autoplay=\"true\" ><div class=\"single-item\" data-index=\"1\"><div class=\"featured-image \" data-image=\"https:\/\/www.adapt-ck.fr\/de\/wp-content\/uploads\/sites\/3\/2015\/04\/adapt-ck_05-02.jpg\"><a href=\"https:\/\/www.adapt-ck.fr\/de\/blog\/les-terrasses-dalles-souples\/\" class=\"styled-image \" title=\"Permalink to Les terrasses dalles souples\" rel=\"bookmark\"><img loading=\"lazy\" decoding=\"async\" width=\"300\" height=\"173\" src=\"https:\/\/www.adapt-ck.fr\/de\/wp-content\/uploads\/sites\/3\/2015\/04\/adapt-ck_05-02-300x173.jpg\" class=\"attachment-medium size-medium\" alt=\"\" srcset=\"https:\/\/www.adapt-ck.fr\/de\/wp-content\/uploads\/sites\/3\/2015\/04\/adapt-ck_05-02-300x173.jpg 300w, https:\/\/www.adapt-ck.fr\/de\/wp-content\/uploads\/sites\/3\/2015\/04\/adapt-ck_05-02-575x331.jpg 575w, https:\/\/www.adapt-ck.fr\/de\/wp-content\/uploads\/sites\/3\/2015\/04\/adapt-ck_05-02.jpg 592w\" sizes=\"(max-width: 300px) 100vw, 300px\" \/><\/a><\/div><h2 class=\"entry-title\"><a href=\"https:\/\/www.adapt-ck.fr\/de\/blog\/les-terrasses-dalles-souples\/\" title=\"Permalink to Les terrasses dalles souples\">Les terrasses dalles souples<\/a><\/h2><\/div>\n<div class=\"single-item\" data-index=\"2\"><div class=\"featured-image \" data-image=\"https:\/\/www.adapt-ck.fr\/de\/wp-content\/uploads\/sites\/3\/2015\/04\/guide-accessibilite-1024x683.jpg\"><a href=\"https:\/\/www.adapt-ck.fr\/de\/blog\/guide-pratique-pour-rendre-vos-locaux-accessibles\/\" class=\"styled-image \" title=\"Permalink to Guide pratique pour rendre vos locaux accessibles\" rel=\"bookmark\"><img loading=\"lazy\" decoding=\"async\" width=\"300\" height=\"200\" src=\"https:\/\/www.adapt-ck.fr\/de\/wp-content\/uploads\/sites\/3\/2015\/04\/guide-accessibilite-300x200.jpg\" class=\"attachment-medium size-medium\" alt=\"\" srcset=\"https:\/\/www.adapt-ck.fr\/de\/wp-content\/uploads\/sites\/3\/2015\/04\/guide-accessibilite-300x200.jpg 300w, https:\/\/www.adapt-ck.fr\/de\/wp-content\/uploads\/sites\/3\/2015\/04\/guide-accessibilite-1024x683.jpg 1024w, https:\/\/www.adapt-ck.fr\/de\/wp-content\/uploads\/sites\/3\/2015\/04\/guide-accessibilite-800x533.jpg 800w, https:\/\/www.adapt-ck.fr\/de\/wp-content\/uploads\/sites\/3\/2015\/04\/guide-accessibilite-575x383.jpg 575w, https:\/\/www.adapt-ck.fr\/de\/wp-content\/uploads\/sites\/3\/2015\/04\/guide-accessibilite-1200x800.jpg 1200w, https:\/\/www.adapt-ck.fr\/de\/wp-content\/uploads\/sites\/3\/2015\/04\/guide-accessibilite.jpg 1500w\" sizes=\"(max-width: 300px) 100vw, 300px\" \/><\/a><\/div><h2 class=\"entry-title\"><a href=\"https:\/\/www.adapt-ck.fr\/de\/blog\/guide-pratique-pour-rendre-vos-locaux-accessibles\/\" title=\"Permalink to Guide pratique pour rendre vos locaux accessibles\">Guide pratique pour rendre vos locaux accessibles<\/a><\/h2><\/div><\/div>[\/vc_column][\/vc_row][vc_row inertia=&#8220;0.1&#8243;][vc_column width=&#8220;1\/1&#8243;][vc_text_separator title=&#8220;Nos partenaires&#8220; title_align=&#8220;separator_align_center&#8220; color=&#8220;grey&#8220; style=&#8220;double&#8220;][\/vc_column][\/vc_row][vc_row][vc_column width=&#8220;1\/6&#8243;][vc_single_image image=&#8220;205&#8243; alignment=&#8220;center&#8220; border_color=&#8220;grey&#8220; img_link_target=&#8220;_blank&#8220; img_size=&#8220;full&#8220; link=&#8220;http:\/\/www.luxholm.de&#8220;][\/vc_column][vc_column width=&#8220;1\/6&#8243;][vc_single_image image=&#8220;206&#8243; alignment=&#8220;center&#8220; border_color=&#8220;grey&#8220; img_link_target=&#8220;_self&#8220; img_size=&#8220;full&#8220;][\/vc_column][vc_column width=&#8220;1\/6&#8243;][vc_single_image image=&#8220;207&#8243; alignment=&#8220;center&#8220; border_color=&#8220;grey&#8220; img_link_target=&#8220;_self&#8220; img_size=&#8220;full&#8220;][\/vc_column][vc_column width=&#8220;1\/6&#8243;][vc_single_image image=&#8220;208&#8243; alignment=&#8220;center&#8220; border_color=&#8220;grey&#8220; img_link_target=&#8220;_self&#8220; img_size=&#8220;full&#8220;][\/vc_column][vc_column width=&#8220;1\/6&#8243;][vc_single_image image=&#8220;209&#8243; alignment=&#8220;center&#8220; border_color=&#8220;grey&#8220; img_link_target=&#8220;_self&#8220; img_size=&#8220;full&#8220;][\/vc_column][vc_column width=&#8220;1\/6&#8243;][vc_single_image image=&#8220;210&#8243; alignment=&#8220;center&#8220; border_color=&#8220;grey&#8220; img_link_target=&#8220;_self&#8220; img_size=&#8220;full&#8220;][\/vc_column][\/vc_row]<\/p>\n","protected":false},"excerpt":{"rendered":"<p>[vc_row css=&#8220;.vc_custom_1430223250612{background-image: url(http:\/\/www.adapt-ck.fr\/wp-content\/uploads\/sites\/3\/2015\/04\/hetre_bkgd.jpg?id=506) !important;}&#8220; bg_parallax=&#8220;true&#8220; inertia=&#8220;0.5&#8243;][vc_column width=&#8220;1\/1&#8243;][vc_raw_html]JTNDYnIlM0UlMEElM0NiciUzRSUwQSUzQ2RpdiUyMHN0eWxlJTNEJTIydGV4dC1hbGlnbiUzQSUyMGNlbnRlciUzQiUyMiUzRSUwQSUzQ2gxJTIwc3R5bGUlM0QlMjJtYXJnaW4tdG9wJTNBJTIwMCUzQiUyMGZvbnQtc2l6ZSUzQSUyMDQ4cHglMjIlM0VEJUMzJUE5Y291dnJleiUyMGxhJTIwc29jaSVDMyVBOXQlQzMlQTklMjBBZGFwdC1DSyUzQyUyRmgxJTNFJTBBJTNDcCUyMHN0eWxlJTNEJTIyZm9udC1zaXplJTNBJTIwMjBweCUzQiUyMGNvbG9yJTNBJTIwJTIzZmZmZmZmJTNCJTIyJTNFU3AlQzMlQTljaWFsaXN0ZSUyMGRlcyUyMGFnZW5jZW1lbnRzJTIwaW50JUMzJUE5cmlldXJzJTIwZXQlMjBleHQlQzMlQTlyaWV1cnMlMjBzdXIlMjBtZXN1cmUlM0MlMkZzdHJvbmclM0UlM0MlMkZwJTNFJTBBJTNDJTJGZGl2JTNFJTBBJTNDYnIlM0UlMEElM0NiciUzRSUwQSUzQ2JyJTNFJTBBJTNDYnIlM0U=[\/vc_raw_html][\/vc_column][\/vc_row][vc_row inertia=&#8220;0.1&#8243;][vc_column width=&#8220;1\/1&#8243;][vc_column_text css=&#8220;.vc_custom_1427218886771{padding-top: 10px !important;padding-bottom: 10px !important;background-color: #2cbf60 !important;}&#8220;] Qui sommes-nous ? [\/vc_column_text][\/vc_column][\/vc_row][vc_row][vc_column width=&#8220;2\/3&#8243;][vc_row_inner][vc_column_inner width=&#8220;1\/2&#8243;][vc_single_image image=&#8220;504&#8243; border_color=&#8220;grey&#8220; img_link_target=&#8220;_self&#8220; img_size=&#8220;full&#8220;][\/vc_column_inner][vc_column_inner width=&#8220;1\/2&#8243;][vc_column_text] La soci\u00e9t\u00e9 Adapt-CK Implant\u00e9e dans le Nord de l\u2019Alsace, \u00e0 Kilstett, la soci\u00e9t\u00e9 Adapt-CK intervient aussi bien aupr\u00e8s des collectivit\u00e9s, des professionnels (magasins, professions lib\u00e9rales, artisans, &#8230;) que chez les particuliers pour tous travaux d&#8217;agencements int\u00e9rieurs et ext\u00e9rieurs sur mesure. Son champ d\u2019action s\u2019\u00e9tend principalement sur toute l&#8217;Alsace, la Lorraine et l&#8217;Allemagne notamment sur le secteur de l&#8217;Ortenau. Le fondateur de la soci\u00e9t\u00e9 Adapt-CK, Christian Klein, b\u00e9n\u00e9ficie d\u2019un savoir-faire et d\u2019une solide exp\u00e9rience dans la menuiserie bois et m\u00e9tal. Ses comp\u00e9tences en mati\u00e8re d&#8217;am\u00e9nagements pour personnes \u00e0 mobilit\u00e9 r\u00e9duite ont \u00e9t\u00e9 reconnues par la certification &#8222;Artisans Accessibles d&#8217;Alsace&#8220; et &#8222;CEP&#8220;. [\/vc_column_text][\/vc_column_inner][\/vc_row_inner][\/vc_column][vc_column width=&#8220;1\/3&#8243;][vc_column_text] Nos points-forts [\/vc_column_text][vc_toggle title=&#8220;Une entreprise proche de ses clients&#8220; open=&#8220;false&#8220;]Nous attachons une grande importance \u00e0 la proximit\u00e9\u00a0et \u00e0 la connaissance des besoins sp\u00e9cifiques de nos clients.[\/vc_toggle][vc_toggle title=&#8220;L&#8217;\u00e9tude personnalis\u00e9e de votre projet&#8220; open=&#8220;false&#8220;]Chaque \u00e9tude est r\u00e9alis\u00e9e par un expert dans les respects des normes et des bonnes pratiques de la profession.[\/vc_toggle][vc_toggle title=&#8220; Des solutions sur mesure et cl\u00e9s en mains&#8220; open=&#8220;false&#8220;]Nous sommes en mesure d&#8217;apporter des r\u00e9ponse adapt\u00e9es \u00e0 chaque besoin, de la conception jusqu&#8217;\u00e0 la livraison finale du chantier.[\/vc_toggle][vc_toggle title=&#8220;Un vaste choix d&#8217;am\u00e9nagements&#8220; open=&#8220;false&#8220;]Escaliers, garde-corps, mains courantes, protections\u00a0pour les murs et les portes, syst\u00e8mes d&#8217;\u00e9l\u00e9vation, rampes, rev\u00eatement de sol, etc,\u00a0nous disposons\u00a0de plusieurs gammes d&#8217;am\u00e9nagements sur mesure pour r\u00e9pondre \u00e0 chacune de vos demandes.[\/vc_toggle][vc_toggle title=&#8220;Une entreprise qualifi\u00e9e et certifi\u00e9e&#8220; open=&#8220;false&#8220;]Gage de comp\u00e9tences [&hellip;]<\/p>\n","protected":false},"author":1,"featured_media":0,"parent":0,"menu_order":0,"comment_status":"closed","ping_status":"closed","template":"","meta":{"footnotes":""},"_links":{"self":[{"href":"https:\/\/www.adapt-ck.fr\/de\/wp-json\/wp\/v2\/pages\/121"}],"collection":[{"href":"https:\/\/www.adapt-ck.fr\/de\/wp-json\/wp\/v2\/pages"}],"about":[{"href":"https:\/\/www.adapt-ck.fr\/de\/wp-json\/wp\/v2\/types\/page"}],"author":[{"embeddable":true,"href":"https:\/\/www.adapt-ck.fr\/de\/wp-json\/wp\/v2\/users\/1"}],"replies":[{"embeddable":true,"href":"https:\/\/www.adapt-ck.fr\/de\/wp-json\/wp\/v2\/comments?post=121"}],"version-history":[{"count":5,"href":"https:\/\/www.adapt-ck.fr\/de\/wp-json\/wp\/v2\/pages\/121\/revisions"}],"predecessor-version":[{"id":561,"href":"https:\/\/www.adapt-ck.fr\/de\/wp-json\/wp\/v2\/pages\/121\/revisions\/561"}],"wp:attachment":[{"href":"https:\/\/www.adapt-ck.fr\/de\/wp-json\/wp\/v2\/media?parent=121"}],"curies":[{"name":"wp","href":"https:\/\/api.w.org\/{rel}","templated":true}]}}